{"id":3,"date":"2021-09-14T09:48:26","date_gmt":"2021-09-14T07:48:26","guid":{"rendered":"https:\/\/mockup.gemea.com\/?page_id=3"},"modified":"2024-02-23T15:09:47","modified_gmt":"2024-02-23T14:09:47","slug":"politique-de-confidentialite","status":"publish","type":"page","link":"https:\/\/countryside-immobilier.com\/en\/politique-de-confidentialite\/","title":{"rendered":"Mentions L\u00e9gales, Conditions g\u00e9n\u00e9rales de ventes &#038; Politique de confidentialit\u00e9"},"content":{"rendered":"<div data-elementor-type=\"wp-page\" data-elementor-id=\"3\" class=\"elementor elementor-3\" data-elementor-post-type=\"page\">\n\t\t\t\t\t\t<section class=\"elementor-section elementor-top-section elementor-element elementor-element-097cd47 elementor-section-boxed elementor-section-height-default elementor-section-height-default\" data-id=\"097cd47\" data-element_type=\"section\">\n\t\t\t\t\t\t<div class=\"elementor-container elementor-column-gap-wider\">\n\t\t\t\t\t<div class=\"elementor-column elementor-col-100 elementor-top-column elementor-element elementor-element-12ec91e\" data-id=\"12ec91e\" data-element_type=\"column\">\n\t\t\t<div class=\"elementor-widget-wrap elementor-element-populated\">\n\t\t\t\t\t\t<div class=\"elementor-element elementor-element-c362bb1 elementor-widget elementor-widget-text-editor\" data-id=\"c362bb1\" data-element_type=\"widget\" id=\"mentions-legales\" data-widget_type=\"text-editor.default\">\n\t\t\t\t<div class=\"elementor-widget-container\">\n\t\t\t\t\t\t\t\t\t<p><strong>Site Editor<\/strong><br \/>\nThe website countryside-immobilier.com is edited by the company Countryside Immobilier, with its registered office. <p>40 Chemin de la Source<br \/>\n06130 Grasse &#8211; France<\/p>\n<\/p>\n<p>T\u00e9l\u00e9phone : +33 (0)6 23 04 75 38<\/p>\n<p>Adresse de courrier \u00e9lectronique : sandrine@countryside-immobilier.com<\/p>\n<p>The director of publication of the website is Countryside Immobilier.<\/p>\n<p><strong>Site Host<\/strong><\/p>\n<p>The website is hosted by the company: OVH<\/p>\n<p>Address: 2, rue Kellermann BP 80157 59053 ROUBAIX Cedex 1<br \/>\nEmail: support@ovh.com<br \/>\nPhone : +33 (0)8 203 203 63<br \/>\nRegistration number in the Trade and Companies Register of Lille: B 424 761 419<\/p>\n<p><strong>Communication agency<\/strong><br \/>\nGEMEA Interactive<br \/>\nE-Mail : info@gemea.com<br \/>\nPhone : +33(0) 9 50 02 74 00<\/p>\n<p><strong>Website creation<\/strong><br \/>\nCommunication agency specializing in website creation<br \/>\nGEMEA Interactive<br \/>\nE-Mail : info@gemea.com<br \/>\nPhone : +33(0) 9 50 02 74 00<\/p>\n<p><strong>Intellectual Property:<\/strong><br \/>\nThe content of this site is protected by copyright. Any reproduction without the explicit consent of the publication director is strictly prohibited.<\/p>\n\t\t\t\t\t\t\t\t<\/div>\n\t\t\t\t<\/div>\n\t\t\t\t<div class=\"elementor-element elementor-element-13cf627 elementor-widget-divider--view-line elementor-widget elementor-widget-divider\" data-id=\"13cf627\" data-element_type=\"widget\" data-widget_type=\"divider.default\">\n\t\t\t\t<div class=\"elementor-widget-container\">\n\t\t\t\t\t\t\t<div class=\"elementor-divider\">\n\t\t\t<span class=\"elementor-divider-separator\">\n\t\t\t\t\t\t<\/span>\n\t\t<\/div>\n\t\t\t\t\t\t<\/div>\n\t\t\t\t<\/div>\n\t\t\t\t<div class=\"elementor-element elementor-element-dbf9fd8 elementor-widget elementor-widget-text-editor\" data-id=\"dbf9fd8\" data-element_type=\"widget\" id=\"rgpd\" data-widget_type=\"text-editor.default\">\n\t\t\t\t<div class=\"elementor-widget-container\">\n\t\t\t\t\t\t\t\t\t<p><big><strong>DATA PROTECTION GDPR<\/strong><\/big><br \/>\n<strong>LA PROTECTION DE VOS DONN\u00c9ES CONFIDENTIELLES EST L\u2019UNE DE NOS PR\u00c9OCCUPATIONS.<\/strong><br \/>\nCountryside Immobilier is committed to respecting your privacy as well as the applicable legislation on data protection and confidentiality. This privacy policy (\"Policy\") describes our method of collecting and using personal data when Countryside Immobilier is the data controller or when we mention the applicability of this policy. \"Personal data\" refers to any information about you or any individual who can be identified.<br \/>\nWe will provide you with additional information regarding this confidentiality when it is specific to a product or service in the Supplements to this policy. You may also encounter warnings when using our products or services. If you encounter any discrepancies between these warnings and this Policy, you should first consider the warnings.<br \/>\nThe software on your device may have access to your information. Our products or services may contain links to, or be integrated with, other websites and services of companies that have their own privacy policies. Where our products are integrated with the products and services of our customers, we ask them to be transparent with you. This may involve the presence of a link redirecting to this Policy and the relevant Supplements; this transparency may also appear in the form of embedded notifications identifying us as the provider or controller of the service.<\/p>\n<p>If you do not agree with this policy, do not use our products or services, and do not provide your personal data to Countryside Immobilier.<\/p>\n<p><strong>WHAT INFORMATION DO WE COLLECT?<\/strong><br \/>\nWe collect your personal data and other information when you request a quote.<\/p>\n<p><strong>USE OF PRODUCTS AND SERVICES<\/strong><br \/>\nWhen you access our online services, our web servers automatically record your visits. These records typically include your IP address, access durations, referring sites, pages visited, links and features used, content displayed or requested, browser or application type, language, and other such information. You may also refer to our Cookie Policy.<br \/>\nOur applications may regularly contact our servers, for example, to check for updates or to send us information regarding your use of our services. Additionally, we may invite you to voluntarily join service improvement or research programs, in which we collect detailed information. Refer to the Supplements to this Policy for more information.<\/p>\n<p><strong>INFORMATION YOU HAVE PROVIDED TO US<\/strong><br \/>\nWhen you request a quote, we may ask for information such as your name, email address, phone number, postal address, and comments.<\/p>\n<p><strong>WHY DO WE PROCESS YOUR PERSONAL DATA?<\/strong><br \/>\nCountryside Immobilier may process your personal data to meet various needs. This may apply to one or more needs at a time.<\/p>\n<p><strong>ACCOUNTS<\/strong><br \/>\nAn account may be necessary to help you manage your content and preferences. Depending on the service, creating an account may be required or optional. Creating an account involves providing us with basic contact information about you such as your name, email address, and country of residence.<\/p>\n<p><strong>COMMUNICATING WITH YOU<\/strong><br \/>\nWe may use your personal data to communicate with you in order to contact you through our customer service.<\/p>\n<p><strong>WHAT IS THE LEGAL BASIS FOR PROCESSING YOUR PERSONAL DATA?<\/strong><br \/>\nOur legal basis for processing your personal data depends on the purpose of this processing and may vary as described in the corresponding Supplement to the product or service you are using. Generally, the legal bases for processing your personal data are as follows:<\/p>\n<p><strong>LEGAL OBLIGATIONS<\/strong><br \/>\nWe process your personal data in accordance with laws and regulations.<\/p>\n<p><strong>LEGITIMATE INTERESTS<\/strong><br \/>\nWe process your personal data for the benefit of our legitimate interests in customer management. Any processing of this type is subject to appropriate measures to protect your freedoms and fundamental rights related to your personal data.<\/p>\n<p><strong>FOR HOW LONG DO WE RETAIN PERSONAL DATA?<\/strong><br \/>\nNous nous effor\u00e7ons de collecter uniquement les donn\u00e9es personnelles en ad\u00e9quation avec l\u2019objectif pour lequel elles ont \u00e9t\u00e9 collect\u00e9es et de ne pas conserver ces donn\u00e9es plus longtemps que ces objectifs l\u2019exigent. La dur\u00e9e pendant laquelle les donn\u00e9es personnelles sont conserv\u00e9es et les crit\u00e8res qui d\u00e9terminent cette dur\u00e9e d\u00e9pendent de la nature de ces donn\u00e9es personnelles et de l\u2019objectif pour lequel elles ont \u00e9t\u00e9 collect\u00e9es. Par exemple, pour ce qui est des donn\u00e9es en lien avec la gestion de votre compte (comme votre nom, adresse courriel, contenu du compte et pr\u00e9f\u00e9rences), elles sont conserv\u00e9es aussi longtemps que vous les maintenez sur votre compte. Vous pouvez contacter le bureau confidentialit\u00e9 de Countryside immobilier \u00e0 l\u2019adresse\u00a0sandrine@countryside-immobilier.com\u00a0afin d\u2019obtenir un compl\u00e9ment d\u2019information \u00e0 propos de la conservation de vos donn\u00e9es personnelles.<\/p>\n<p><strong>DO WE SHARE YOUR PERSONAL DATA?<\/strong><br \/>\nWe do not sell, rent, or disclose your personal data to third parties.<\/p>\n<p><strong>MANDATORY DISCLOSURES<\/strong><br \/>\nWe may be required by law to disclose your personal data to certain authorities or other third parties, such as law enforcement agencies. We may also disclose and process your personal data in accordance with applicable law to defend the legitimate interests of Countryside Immobilier, for example, in legal proceedings or in connection with government requests and filings.<\/p>\n<p><strong>MERGERS AND ACQUISITIONS<\/strong><br \/>\nIf we decide to sell, merge, or otherwise reorganize our companies in certain countries, this may involve disclosing personal data to potential or actual buyers and their advisors, or receiving personal data from sellers and their advisors.<\/p>\n<p><strong>HOW DO WE ADDRESS DATA QUALITY?<\/strong><br \/>\nWe take reasonable steps to keep accurate the personal data we have in our possession and to delete incorrect or unnecessary personal data.<br \/>\nWe encourage you to access your account to review your personal data from time to time to ensure that it is up to date.<\/p>\n<p><strong>WHAT MEASURES ARE TAKEN TO PROTECT YOUR PERSONAL DATA?<\/strong><br \/>\nWe take appropriate measures to address the risk of online security, physical security, data loss, and other risks by considering the risk posed by the processing and the nature of the data being protected. We also limit access to our databases containing personal data to only authorized personnel with a justified need to access this information.<\/p>\n<p><strong>WHAT ARE YOUR RIGHTS?<\/strong><br \/>\nYou have the right to know the personal data we hold about you and to access it. You have the right to request that any incomplete, inaccurate, unnecessary, or outdated personal data be updated. You have the right to request the deletion of your personal data and to obtain a copy of your data in a machine-readable format. You have the right to object to or restrict processing in certain circumstances, such as when you believe the data is inaccurate or the processing activity is unlawful. If you reside in a member country of the European Union or the European Economic Area, you have the right to lodge a complaint with a supervisory authority regarding our data collection and processing activities.<br \/>\nYou can exercise your rights by contacting us. The applicable data protection legislation may contain certain restrictions on the extent to which these rights can be exercised. If a restriction applies, we will respond to your request with an explanation of the actions that will be taken, to the extent required by applicable data protection legislation.<\/p>\n<p><strong>COOKIES AND HOW WE USE THEM<\/strong><br \/>\nThis policy explains how Countryside Immobilier uses cookies, files, and cookie-related technologies on its websites, such as local shared objects, also known as 'Flash cookies,' web beacons, etc. We refer to them, generally, as 'cookies.'<\/p>\n<p><strong>WHAT ARE COOKIES AND HOW DO THEY WORK?<\/strong><br \/>\nCookies are small files that are sent to and stored on your computer by the websites you visit. Cookies are stored in your browser's file directory. On your next visit to that site, your browser will read the cookie and transmit the information back to the website or element that originally set the cookie. For more information on these technologies and how they work, please visit websites like allaboutcookies.org.<\/p>\n<p><strong>WHY DOES Countryside Immobilier USE COOKIES?<\/strong><br \/>\nThe Countryside Immobilier domains use cookies to provide you with a smoother experience, and for the reasons outlined below.<\/p>\n<p><strong>BASIC FUNCTIONS.<\/strong><br \/>\nThese cookies are essential for the operation of our websites and to provide you with a seamless experience.<br \/>\nYou can navigate seamlessly through the recording of certain data such as your language and country preferences, while maintaining authentication for secure parts of the domain.<\/p>\n<p><strong>SITE IMPROVEMENT<\/strong><br \/>\nThese cookies allow us to improve our websites by observing their usage.<br \/>\nWe conduct analytical profiling to see, for example, if a particular product is viewed by unique users (to detect if it is popular). We also observe the location from which access is made to optimize our sites for our users.<\/p>\n<p><strong>WHAT IS THE LEGAL BASIS FOR PROCESSING YOUR PERSONAL DATA?<\/strong><br \/>\nCookies as well as tracking pixels are integrated into our site based on your consent. You can also manage your cookie settings from your browser settings.<\/p>\n<p><strong>HOW CAN I MANAGE COOKIES?<\/strong><br \/>\nYou can modify the options available to manage cookies in your browser. The browser can be used to manage cookies associated with basic functions, site improvement, customization, and advertising. Different browsers use different methods to disable cookies, but they are generally found in the Tools or Options menu. You can also consult the browser's help menu. In addition to managing cookies, browsers also allow you to control files similar to cookies, such as local shared objects, by enabling the browser's privacy mode. Disabling cookies may prevent you from using certain sections of Countryside Immobilier websites. However, if you delete your browser cookies, you may need to reinstall cookies that you have chosen to disable.<\/p>\n<p><strong>HOW LONG DO WE KEEP THE INFORMATION?<\/strong><br \/>\nIt depends on the type of cookies. Session cookies expire when you close the browser.<\/p>\n<p><strong>WHO IS RESPONSIBLE FOR PROCESSING YOUR PERSONAL DATA?<\/strong><br \/>\nCountryside Immobilier will be the data controller for your personal data.<br \/>\nYou can find the identity of the data controller and their contact details on the Countryside Immobilier website.<br \/>\nFor questions regarding Countryside Immobilier's privacy practices, you can contact the following coordinates:<br \/>\nCountryside immobilier &#8211; <p>40 Chemin de la Source<br \/>\n06130 Grasse &#8211; France<\/p>\n<br \/>\nE-mail : sandrine@countryside-immobilier.com<\/p>\n<p><strong>CHANGES TO THE PRIVACY POLICY<\/strong><br \/>\nCountryside Immobilier reserves the right to modify this document and, with or without notice, to block access to our Site at any time, or to change the terms of access. However, if our Policy were to be changed in a way that could be detrimental to you, Countryside Immobilier would publish a warning note at the top of this policy, as well as on the homepage of our Site. We advise you to regularly consult our Policy to stay informed of any changes.<\/p>\n\t\t\t\t\t\t\t\t<\/div>\n\t\t\t\t<\/div>\n\t\t\t\t\t<\/div>\n\t\t<\/div>\n\t\t\t\t\t<\/div>\n\t\t<\/section>\n\t\t\t\t<\/div>","protected":false},"excerpt":{"rendered":"","protected":false},"author":1,"featured_media":0,"parent":0,"menu_order":0,"comment_status":"closed","ping_status":"closed","template":"elementor_header_footer","meta":{"footnotes":""},"folder":[17],"class_list":["post-3","page","type-page","status-publish","hentry"],"_links":{"self":[{"href":"https:\/\/countryside-immobilier.com\/en\/wp-json\/wp\/v2\/pages\/3","targetHints":{"allow":["GET"]}}],"collection":[{"href":"https:\/\/countryside-immobilier.com\/en\/wp-json\/wp\/v2\/pages"}],"about":[{"href":"https:\/\/countryside-immobilier.com\/en\/wp-json\/wp\/v2\/types\/page"}],"author":[{"embeddable":true,"href":"https:\/\/countryside-immobilier.com\/en\/wp-json\/wp\/v2\/users\/1"}],"replies":[{"embeddable":true,"href":"https:\/\/countryside-immobilier.com\/en\/wp-json\/wp\/v2\/comments?post=3"}],"version-history":[{"count":3,"href":"https:\/\/countryside-immobilier.com\/en\/wp-json\/wp\/v2\/pages\/3\/revisions"}],"predecessor-version":[{"id":4154,"href":"https:\/\/countryside-immobilier.com\/en\/wp-json\/wp\/v2\/pages\/3\/revisions\/4154"}],"wp:attachment":[{"href":"https:\/\/countryside-immobilier.com\/en\/wp-json\/wp\/v2\/media?parent=3"}],"wp:term":[{"taxonomy":"folder","embeddable":true,"href":"https:\/\/countryside-immobilier.com\/en\/wp-json\/wp\/v2\/folder?post=3"}],"curies":[{"name":"wp","href":"https:\/\/api.w.org\/{rel}","templated":true}]}}