{"id":47,"date":"2021-09-17T11:08:50","date_gmt":"2021-09-17T09:08:50","guid":{"rendered":"https:\/\/mockup.gemea.com\/?page_id=47"},"modified":"2024-03-07T09:02:13","modified_gmt":"2024-03-07T08:02:13","slug":"agency","status":"publish","type":"page","link":"https:\/\/countryside-immobilier.com\/en\/agency\/","title":{"rendered":"L&rsquo;agence"},"content":{"rendered":"<div data-elementor-type=\"wp-page\" data-elementor-id=\"47\" class=\"elementor elementor-47\" data-elementor-post-type=\"page\">\n\t\t\t\t\t\t<section class=\"elementor-section elementor-top-section elementor-element elementor-element-8c52749 elementor-section-boxed elementor-section-height-default elementor-section-height-default elementor-invisible\" data-id=\"8c52749\" data-element_type=\"section\" data-settings=\"{&quot;animation&quot;:&quot;fadeIn&quot;}\">\n\t\t\t\t\t\t<div class=\"elementor-container elementor-column-gap-default\">\n\t\t\t\t\t<div class=\"elementor-column elementor-col-100 elementor-top-column elementor-element elementor-element-07b08d2\" data-id=\"07b08d2\" data-element_type=\"column\">\n\t\t\t<div class=\"elementor-widget-wrap elementor-element-populated\">\n\t\t\t\t\t\t<div class=\"elementor-element elementor-element-a8bfd8a elementor-widget elementor-widget-image-carousel\" data-id=\"a8bfd8a\" data-element_type=\"widget\" data-settings=\"{&quot;slides_to_show&quot;:&quot;1&quot;,&quot;navigation&quot;:&quot;none&quot;,&quot;autoplay&quot;:&quot;yes&quot;,&quot;pause_on_hover&quot;:&quot;yes&quot;,&quot;pause_on_interaction&quot;:&quot;yes&quot;,&quot;autoplay_speed&quot;:5000,&quot;infinite&quot;:&quot;yes&quot;,&quot;effect&quot;:&quot;slide&quot;,&quot;speed&quot;:500}\" data-widget_type=\"image-carousel.default\">\n\t\t\t\t<div class=\"elementor-widget-container\">\n\t\t\t\t\t\t\t<div class=\"elementor-image-carousel-wrapper swiper\" role=\"region\" aria-roledescription=\"carousel\" aria-label=\"Carrousel d\u2019images\" dir=\"ltr\">\n\t\t\t<div class=\"elementor-image-carousel swiper-wrapper\" aria-live=\"off\">\n\t\t\t\t\t\t\t\t<div class=\"swiper-slide\" role=\"group\" aria-roledescription=\"slide\" aria-label=\"1 sur 1\"><figure class=\"swiper-slide-inner\"><img decoding=\"async\" class=\"swiper-slide-image\" src=\"https:\/\/countryside-immobilier.com\/wp-content\/uploads\/2024\/02\/countryside_immobilier-Agence.jpg\" alt=\"Villa luxe Grasse\" \/><\/figure><\/div>\t\t\t<\/div>\n\t\t\t\t\t<\/div>\n\t\t\t\t\t\t<\/div>\n\t\t\t\t<\/div>\n\t\t\t\t\t<\/div>\n\t\t<\/div>\n\t\t\t\t\t<\/div>\n\t\t<\/section>\n\t\t\t\t<section class=\"elementor-section elementor-top-section elementor-element elementor-element-10b8d50 elementor-section-boxed elementor-section-height-default elementor-section-height-default elementor-invisible\" data-id=\"10b8d50\" data-element_type=\"section\" data-settings=\"{&quot;animation&quot;:&quot;slideInUp&quot;}\">\n\t\t\t\t\t\t<div class=\"elementor-container elementor-column-gap-default\">\n\t\t\t\t\t<div class=\"elementor-column elementor-col-100 elementor-top-column elementor-element elementor-element-0f14a57\" data-id=\"0f14a57\" data-element_type=\"column\">\n\t\t\t<div class=\"elementor-widget-wrap elementor-element-populated\">\n\t\t\t\t\t\t<div class=\"elementor-element elementor-element-7a77d88 elementor-widget elementor-widget-image\" data-id=\"7a77d88\" data-element_type=\"widget\" data-widget_type=\"image.default\">\n\t\t\t\t<div class=\"elementor-widget-container\">\n\t\t\t\t\t\t\t\t\t\t\t\t\t\t\t<img fetchpriority=\"high\" decoding=\"async\" width=\"652\" height=\"360\" src=\"https:\/\/countryside-immobilier.com\/wp-content\/uploads\/2024\/02\/Iconographie-Countryside-Immobilier-Fond-Transparent_Or.png\" class=\"attachment-large size-large wp-image-1175\" alt=\"Countryside immobilier Grasse\" \/>\t\t\t\t\t\t\t\t\t\t\t\t\t\t\t<\/div>\n\t\t\t\t<\/div>\n\t\t\t\t<div class=\"elementor-element elementor-element-71e5ce1 elementor-widget elementor-widget-heading\" data-id=\"71e5ce1\" data-element_type=\"widget\" data-widget_type=\"heading.default\">\n\t\t\t\t<div class=\"elementor-widget-container\">\n\t\t\t\t\t<h1 class=\"elementor-heading-title elementor-size-default\">Countryside Immobilier<\/h1>\t\t\t\t<\/div>\n\t\t\t\t<\/div>\n\t\t\t\t<div class=\"elementor-element elementor-element-49ed96e elementor-widget-divider--view-line elementor-widget elementor-widget-divider\" data-id=\"49ed96e\" data-element_type=\"widget\" data-widget_type=\"divider.default\">\n\t\t\t\t<div class=\"elementor-widget-container\">\n\t\t\t\t\t\t\t<div class=\"elementor-divider\">\n\t\t\t<span class=\"elementor-divider-separator\">\n\t\t\t\t\t\t<\/span>\n\t\t<\/div>\n\t\t\t\t\t\t<\/div>\n\t\t\t\t<\/div>\n\t\t\t\t<div class=\"elementor-element elementor-element-ec977c6 elementor-widget elementor-widget-heading\" data-id=\"ec977c6\" data-element_type=\"widget\" data-widget_type=\"heading.default\">\n\t\t\t\t<div class=\"elementor-widget-container\">\n\t\t\t\t\t<p class=\"elementor-heading-title elementor-size-default\">COUNTRYSIDE IMMOBILIER is an independent family agency, specializing in the sale and rental of charming and characterful houses in Grasse and its surroundings. \n<br><br>\n\nMade up of a passionate team that is an expert in its field, we have acquired, thanks to our 20 years of experience, solid knowledge of the market and have built an important network of partners in France and abroad. Because each house is unique and has its own story, we have our hearts set on paying tribute to them through the provision of a personalized service. We are at your disposal to support you in your projects and look forward to meeting you.<\/p>\t\t\t\t<\/div>\n\t\t\t\t<\/div>\n\t\t\t\t\t<\/div>\n\t\t<\/div>\n\t\t\t\t\t<\/div>\n\t\t<\/section>\n\t\t\t\t<section class=\"elementor-section elementor-top-section elementor-element elementor-element-a1b7737 elementor-section-boxed elementor-section-height-default elementor-section-height-default elementor-invisible\" data-id=\"a1b7737\" data-element_type=\"section\" data-settings=\"{&quot;animation&quot;:&quot;slideInLeft&quot;}\">\n\t\t\t\t\t\t<div class=\"elementor-container elementor-column-gap-no\">\n\t\t\t\t\t<div class=\"elementor-column elementor-col-50 elementor-top-column elementor-element elementor-element-46e971f\" data-id=\"46e971f\" data-element_type=\"column\">\n\t\t\t<div class=\"elementor-widget-wrap elementor-element-populated\">\n\t\t\t\t\t\t<div class=\"elementor-element elementor-element-e5b1b05 elementor-widget elementor-widget-image\" data-id=\"e5b1b05\" data-element_type=\"widget\" data-widget_type=\"image.default\">\n\t\t\t\t<div class=\"elementor-widget-container\">\n\t\t\t\t\t\t\t\t\t\t\t\t\t\t\t<img decoding=\"async\" width=\"1920\" height=\"1080\" src=\"https:\/\/countryside-immobilier.com\/wp-content\/uploads\/2024\/02\/Visuel-Agence-Countryside.jpg\" class=\"attachment-full size-full wp-image-4215\" alt=\"Countryside immobilier\" srcset=\"https:\/\/countryside-immobilier.com\/wp-content\/uploads\/2024\/02\/Visuel-Agence-Countryside.jpg 1920w, https:\/\/countryside-immobilier.com\/wp-content\/uploads\/2024\/02\/Visuel-Agence-Countryside-640x360.jpg 640w, https:\/\/countryside-immobilier.com\/wp-content\/uploads\/2024\/02\/Visuel-Agence-Countryside-1707x960.jpg 1707w, https:\/\/countryside-immobilier.com\/wp-content\/uploads\/2024\/02\/Visuel-Agence-Countryside-768x432.jpg 768w, https:\/\/countryside-immobilier.com\/wp-content\/uploads\/2024\/02\/Visuel-Agence-Countryside-1536x864.jpg 1536w, https:\/\/countryside-immobilier.com\/wp-content\/uploads\/2024\/02\/Visuel-Agence-Countryside-18x10.jpg 18w\" sizes=\"(max-width: 1920px) 100vw, 1920px\" \/>\t\t\t\t\t\t\t\t\t\t\t\t\t\t\t<\/div>\n\t\t\t\t<\/div>\n\t\t\t\t\t<\/div>\n\t\t<\/div>\n\t\t\t\t<div class=\"elementor-column elementor-col-50 elementor-top-column elementor-element elementor-element-a1eb33a\" data-id=\"a1eb33a\" data-element_type=\"column\" data-settings=\"{&quot;background_background&quot;:&quot;classic&quot;}\">\n\t\t\t<div class=\"elementor-widget-wrap elementor-element-populated\">\n\t\t\t\t\t\t<div class=\"elementor-element elementor-element-f5dbd20 elementor-widget elementor-widget-heading\" data-id=\"f5dbd20\" data-element_type=\"widget\" data-widget_type=\"heading.default\">\n\t\t\t\t<div class=\"elementor-widget-container\">\n\t\t\t\t\t<p class=\"elementor-heading-title elementor-size-default\">COUNTRYSIDE IMMOBILIER, an agency specializing in the sale of charming and family homes in Grasse and its surroundings.<\/p>\t\t\t\t<\/div>\n\t\t\t\t<\/div>\n\t\t\t\t<div class=\"elementor-element elementor-element-99b4d57 elementor-widget elementor-widget-text-editor\" data-id=\"99b4d57\" data-element_type=\"widget\" data-widget_type=\"text-editor.default\">\n\t\t\t\t<div class=\"elementor-widget-container\">\n\t\t\t\t\t\t\t\t\t<p style=\"font-weight: 400;\"><span style=\"color: #c69967;\"><strong>For 20 years, we have been supporting our seller and buyer clients in their real estate project and their new lifestyle choice.<\/strong><\/span><\/p><p style=\"font-weight: 400;\">To our owners\u2019 customers and our buyers\u2019 customers we guarantee personalized service, total support, attentive listening, and great availability.\u00a0<\/p><p style=\"font-weight: 400;\">We look forward to discovering your project !<\/p><p style=\"font-weight: 400;\">Sandrine PALMIER-GUITTON\u00a0<br \/>Geoffrey GUITTON<\/p>\t\t\t\t\t\t\t\t<\/div>\n\t\t\t\t<\/div>\n\t\t\t\t\t<\/div>\n\t\t<\/div>\n\t\t\t\t\t<\/div>\n\t\t<\/section>\n\t\t\t\t<section class=\"elementor-section elementor-top-section elementor-element elementor-element-98f78e7 elementor-reverse-tablet elementor-reverse-mobile elementor-section-boxed elementor-section-height-default elementor-section-height-default elementor-invisible\" data-id=\"98f78e7\" data-element_type=\"section\" data-settings=\"{&quot;animation&quot;:&quot;slideInRight&quot;}\">\n\t\t\t\t\t\t<div class=\"elementor-container elementor-column-gap-no\">\n\t\t\t\t\t<div class=\"elementor-column elementor-col-50 elementor-top-column elementor-element elementor-element-deda07a\" data-id=\"deda07a\" data-element_type=\"column\" data-settings=\"{&quot;background_background&quot;:&quot;classic&quot;}\">\n\t\t\t<div class=\"elementor-widget-wrap elementor-element-populated\">\n\t\t\t\t\t\t<div class=\"elementor-element elementor-element-88b0d92 elementor-widget elementor-widget-heading\" data-id=\"88b0d92\" data-element_type=\"widget\" data-widget_type=\"heading.default\">\n\t\t\t\t<div class=\"elementor-widget-container\">\n\t\t\t\t\t<p class=\"elementor-heading-title elementor-size-default\">They trusted us.<\/p>\t\t\t\t<\/div>\n\t\t\t\t<\/div>\n\t\t\t\t<div class=\"elementor-element elementor-element-fc7a08d elementor-widget elementor-widget-text-editor\" data-id=\"fc7a08d\" data-element_type=\"widget\" data-widget_type=\"text-editor.default\">\n\t\t\t\t<div class=\"elementor-widget-container\">\n\t\t\t\t\t\t\t\t\t<p style=\"font-weight: 400;\">\u00ab\u00a0<em>Sandrine represented us in the sale of our home in Grasse St Jacques, she was extremely diligent in maximizing exposure in different media, following up with us on buyer visits, and negotiating best price. She was the perfect hand holder during the sale process, making sure we understood what was needed with the notary processes and ensuring a successful sale. Thank you Sandrine !<\/em>\u00a0\u00bb Dominic REED<\/p><p style=\"font-weight: 400;\">\u201c\u00a0<em>Sandrine Palmier\u00a0sold my maisonette in Cannes late 2022.\u00a0Both Sandrine and Geoffrey were fantastic.\u00a0Very proactive and knowledgeable from start to finish latterly dealing with a not very efficient notary engaged by the buyers, to ensure that the sale went through smoothly and quickly.\u00a0\u00a0I would not hesitate to recommend them !<\/em> \u201c Jenny SUSLAK<\/p><p style=\"font-weight: 400;\">\u00ab <em>Mrs. Palmier helped to sell our vacation home in Grasse in a difficult time. We had tried several real estate agents with no success. With her rational thinking she analyzed our situation and approached the sale with a new strategy. Very successfully she found a buyer in a short time.<\/em>\u201d Michael LEHMANN<\/p>\t\t\t\t\t\t\t\t<\/div>\n\t\t\t\t<\/div>\n\t\t\t\t\t<\/div>\n\t\t<\/div>\n\t\t\t\t<div class=\"elementor-column elementor-col-50 elementor-top-column elementor-element elementor-element-c4f4269\" data-id=\"c4f4269\" data-element_type=\"column\">\n\t\t\t<div class=\"elementor-widget-wrap elementor-element-populated\">\n\t\t\t\t\t\t<div class=\"elementor-element elementor-element-02978ee elementor-widget elementor-widget-image\" data-id=\"02978ee\" data-element_type=\"widget\" data-widget_type=\"image.default\">\n\t\t\t\t<div class=\"elementor-widget-container\">\n\t\t\t\t\t\t\t\t\t\t\t\t\t\t\t<img decoding=\"async\" width=\"960\" height=\"944\" src=\"https:\/\/countryside-immobilier.com\/wp-content\/uploads\/2024\/02\/VISUEL-TEMOIGNAGE-1.jpg\" class=\"attachment-full size-full wp-image-4227\" alt=\"Countryside immobilier\" srcset=\"https:\/\/countryside-immobilier.com\/wp-content\/uploads\/2024\/02\/VISUEL-TEMOIGNAGE-1.jpg 960w, https:\/\/countryside-immobilier.com\/wp-content\/uploads\/2024\/02\/VISUEL-TEMOIGNAGE-1-366x360.jpg 366w, https:\/\/countryside-immobilier.com\/wp-content\/uploads\/2024\/02\/VISUEL-TEMOIGNAGE-1-768x755.jpg 768w, https:\/\/countryside-immobilier.com\/wp-content\/uploads\/2024\/02\/VISUEL-TEMOIGNAGE-1-12x12.jpg 12w\" sizes=\"(max-width: 960px) 100vw, 960px\" \/>\t\t\t\t\t\t\t\t\t\t\t\t\t\t\t<\/div>\n\t\t\t\t<\/div>\n\t\t\t\t\t<\/div>\n\t\t<\/div>\n\t\t\t\t\t<\/div>\n\t\t<\/section>\n\t\t\t\t<section class=\"elementor-section elementor-top-section elementor-element elementor-element-82f1939 elementor-section-boxed elementor-section-height-default elementor-section-height-default elementor-invisible\" data-id=\"82f1939\" data-element_type=\"section\" data-settings=\"{&quot;animation&quot;:&quot;slideInUp&quot;}\">\n\t\t\t\t\t\t<div class=\"elementor-container elementor-column-gap-default\">\n\t\t\t\t\t<div class=\"elementor-column elementor-col-100 elementor-top-column elementor-element elementor-element-5616744\" data-id=\"5616744\" data-element_type=\"column\">\n\t\t\t<div class=\"elementor-widget-wrap elementor-element-populated\">\n\t\t\t\t\t\t<div class=\"elementor-element elementor-element-098f148 elementor-align-center elementor-widget elementor-widget-button\" data-id=\"098f148\" data-element_type=\"widget\" data-widget_type=\"button.default\">\n\t\t\t\t<div class=\"elementor-widget-container\">\n\t\t\t\t\t\t\t\t\t<div class=\"elementor-button-wrapper\">\n\t\t\t\t\t<a class=\"elementor-button elementor-button-link elementor-size-sm\" href=\"https:\/\/countryside-immobilier.com\/en\/contact\/\">\n\t\t\t\t\t\t<span class=\"elementor-button-content-wrapper\">\n\t\t\t\t\t\t\t\t\t<span class=\"elementor-button-text\">Contact us<\/span>\n\t\t\t\t\t<\/span>\n\t\t\t\t\t<\/a>\n\t\t\t\t<\/div>\n\t\t\t\t\t\t\t\t<\/div>\n\t\t\t\t<\/div>\n\t\t\t\t\t<\/div>\n\t\t<\/div>\n\t\t\t\t\t<\/div>\n\t\t<\/section>\n\t\t\t\t<section class=\"elementor-section elementor-top-section elementor-element elementor-element-c9c249c elementor-section-boxed elementor-section-height-default elementor-section-height-default elementor-invisible\" data-id=\"c9c249c\" data-element_type=\"section\" data-settings=\"{&quot;animation&quot;:&quot;fadeIn&quot;}\">\n\t\t\t\t\t\t<div class=\"elementor-container elementor-column-gap-default\">\n\t\t\t\t\t<div class=\"elementor-column elementor-col-100 elementor-top-column elementor-element elementor-element-f16f2e1\" data-id=\"f16f2e1\" data-element_type=\"column\">\n\t\t\t<div class=\"elementor-widget-wrap elementor-element-populated\">\n\t\t\t\t\t\t<div class=\"elementor-element elementor-element-1252953 elementor-widget elementor-widget-heading\" data-id=\"1252953\" data-element_type=\"widget\" data-widget_type=\"heading.default\">\n\t\t\t\t<div class=\"elementor-widget-container\">\n\t\t\t\t\t<p class=\"elementor-heading-title elementor-size-default\">Our fees<\/p>\t\t\t\t<\/div>\n\t\t\t\t<\/div>\n\t\t\t\t<div class=\"elementor-element elementor-element-cea5a95 elementor-widget elementor-widget-heading\" data-id=\"cea5a95\" data-element_type=\"widget\" data-widget_type=\"heading.default\">\n\t\t\t\t<div class=\"elementor-widget-container\">\n\t\t\t\t\t<p class=\"elementor-heading-title elementor-size-default\">FEES EXCLUDING TAX*<\/p>\t\t\t\t<\/div>\n\t\t\t\t<\/div>\n\t\t\t\t<div class=\"elementor-element elementor-element-617c623 elementor-widget elementor-widget-heading\" data-id=\"617c623\" data-element_type=\"widget\" data-widget_type=\"heading.default\">\n\t\t\t\t<div class=\"elementor-widget-container\">\n\t\t\t\t\t<p class=\"elementor-heading-title elementor-size-default\">The fees represent the maximum percentages and prices applicable to our services. They include the advertising expenses, the organization of visits and support until the signing of the final agreement.<\/p>\t\t\t\t<\/div>\n\t\t\t\t<\/div>\n\t\t\t\t<section class=\"elementor-section elementor-inner-section elementor-element elementor-element-b4c187b elementor-section-boxed elementor-section-height-default elementor-section-height-default\" data-id=\"b4c187b\" data-element_type=\"section\">\n\t\t\t\t\t\t<div class=\"elementor-container elementor-column-gap-default\">\n\t\t\t\t\t<div class=\"elementor-column elementor-col-33 elementor-inner-column elementor-element elementor-element-d4eb4b9\" data-id=\"d4eb4b9\" data-element_type=\"column\">\n\t\t\t<div class=\"elementor-widget-wrap elementor-element-populated\">\n\t\t\t\t\t\t<div class=\"elementor-element elementor-element-e7c45c6 elementor-widget elementor-widget-heading\" data-id=\"e7c45c6\" data-element_type=\"widget\" data-widget_type=\"heading.default\">\n\t\t\t\t<div class=\"elementor-widget-container\">\n\t\t\t\t\t<p class=\"elementor-heading-title elementor-size-default\">5%<\/p>\t\t\t\t<\/div>\n\t\t\t\t<\/div>\n\t\t\t\t<div class=\"elementor-element elementor-element-4620db1 elementor-widget elementor-widget-heading\" data-id=\"4620db1\" data-element_type=\"widget\" data-widget_type=\"heading.default\">\n\t\t\t\t<div class=\"elementor-widget-container\">\n\t\t\t\t\t<p class=\"elementor-heading-title elementor-size-default\">Sale<\/p>\t\t\t\t<\/div>\n\t\t\t\t<\/div>\n\t\t\t\t\t<\/div>\n\t\t<\/div>\n\t\t\t\t<div class=\"elementor-column elementor-col-33 elementor-inner-column elementor-element elementor-element-644de1b\" data-id=\"644de1b\" data-element_type=\"column\">\n\t\t\t<div class=\"elementor-widget-wrap elementor-element-populated\">\n\t\t\t\t\t\t<div class=\"elementor-element elementor-element-b8e9a2d elementor-widget elementor-widget-heading\" data-id=\"b8e9a2d\" data-element_type=\"widget\" data-widget_type=\"heading.default\">\n\t\t\t\t<div class=\"elementor-widget-container\">\n\t\t\t\t\t<p class=\"elementor-heading-title elementor-size-default\">on request<\/p>\t\t\t\t<\/div>\n\t\t\t\t<\/div>\n\t\t\t\t<div class=\"elementor-element elementor-element-e5f292d elementor-widget elementor-widget-heading\" data-id=\"e5f292d\" data-element_type=\"widget\" data-widget_type=\"heading.default\">\n\t\t\t\t<div class=\"elementor-widget-container\">\n\t\t\t\t\t<p class=\"elementor-heading-title elementor-size-default\">Management<\/p>\t\t\t\t<\/div>\n\t\t\t\t<\/div>\n\t\t\t\t\t<\/div>\n\t\t<\/div>\n\t\t\t\t<div class=\"elementor-column elementor-col-33 elementor-inner-column elementor-element elementor-element-6189104\" data-id=\"6189104\" data-element_type=\"column\">\n\t\t\t<div class=\"elementor-widget-wrap elementor-element-populated\">\n\t\t\t\t\t\t<div class=\"elementor-element elementor-element-4f23284 elementor-widget elementor-widget-heading\" data-id=\"4f23284\" data-element_type=\"widget\" data-widget_type=\"heading.default\">\n\t\t\t\t<div class=\"elementor-widget-container\">\n\t\t\t\t\t<p class=\"elementor-heading-title elementor-size-default\">20%<\/p>\t\t\t\t<\/div>\n\t\t\t\t<\/div>\n\t\t\t\t<div class=\"elementor-element elementor-element-473ebf6 elementor-widget elementor-widget-heading\" data-id=\"473ebf6\" data-element_type=\"widget\" data-widget_type=\"heading.default\">\n\t\t\t\t<div class=\"elementor-widget-container\">\n\t\t\t\t\t<p class=\"elementor-heading-title elementor-size-default\">Rental<\/p>\t\t\t\t<\/div>\n\t\t\t\t<\/div>\n\t\t\t\t\t<\/div>\n\t\t<\/div>\n\t\t\t\t\t<\/div>\n\t\t<\/section>\n\t\t\t\t<div class=\"elementor-element elementor-element-b7f5df6 elementor-widget elementor-widget-text-editor\" data-id=\"b7f5df6\" data-element_type=\"widget\" data-widget_type=\"text-editor.default\">\n\t\t\t\t<div class=\"elementor-widget-container\">\n\t\t\t\t\t\t\t\t\t<p>COUNTRYSIDE IMMOBILIER SARL - 40 CHEMIN DE LA SOURCE - in GRASSE (06130) represented by Miss Sandrine PALMIER - Holder of professional card number CPI 0605 2016 000 008 183 issued by the CCI of Nice, guaranteed by Compagnie VERSPIEREN ASSURANCES located at 8, avenue du Stade de France in Saint Denis (93210) for an amount of the overall guarantee for this activity of 110,000 euros.<\/p><p>* VAT at the current rate of 20%<\/p>\t\t\t\t\t\t\t\t<\/div>\n\t\t\t\t<\/div>\n\t\t\t\t\t<\/div>\n\t\t<\/div>\n\t\t\t\t\t<\/div>\n\t\t<\/section>\n\t\t\t\t<\/div>","protected":false},"excerpt":{"rendered":"<p>Countryside Immobilier COUNTRYSIDE IMMOBILIER est une agence familiale et ind\u00e9pendante, sp\u00e9cialis\u00e9e dans la vente et la location de maisons de charme et de caract\u00e8re \u00e0 Grasse et ses environs. Compos\u00e9e d\u2019une \u00e9quipe passionn\u00e9e et experte en son domaine, nous avons acquis, gr\u00e2ce \u00e0 nos 20 ann\u00e9es d\u2019exp\u00e9rience, une connaissance solide du march\u00e9 et avons tiss\u00e9 [&hellip;]<\/p>","protected":false},"author":1,"featured_media":0,"parent":0,"menu_order":0,"comment_status":"closed","ping_status":"closed","template":"elementor_header_footer","meta":{"footnotes":""},"folder":[15],"class_list":["post-47","page","type-page","status-publish","hentry"],"_links":{"self":[{"href":"https:\/\/countryside-immobilier.com\/en\/wp-json\/wp\/v2\/pages\/47","targetHints":{"allow":["GET"]}}],"collection":[{"href":"https:\/\/countryside-immobilier.com\/en\/wp-json\/wp\/v2\/pages"}],"about":[{"href":"https:\/\/countryside-immobilier.com\/en\/wp-json\/wp\/v2\/types\/page"}],"author":[{"embeddable":true,"href":"https:\/\/countryside-immobilier.com\/en\/wp-json\/wp\/v2\/users\/1"}],"replies":[{"embeddable":true,"href":"https:\/\/countryside-immobilier.com\/en\/wp-json\/wp\/v2\/comments?post=47"}],"version-history":[{"count":3,"href":"https:\/\/countryside-immobilier.com\/en\/wp-json\/wp\/v2\/pages\/47\/revisions"}],"predecessor-version":[{"id":4441,"href":"https:\/\/countryside-immobilier.com\/en\/wp-json\/wp\/v2\/pages\/47\/revisions\/4441"}],"wp:attachment":[{"href":"https:\/\/countryside-immobilier.com\/en\/wp-json\/wp\/v2\/media?parent=47"}],"wp:term":[{"taxonomy":"folder","embeddable":true,"href":"https:\/\/countryside-immobilier.com\/en\/wp-json\/wp\/v2\/folder?post=47"}],"curies":[{"name":"wp","href":"https:\/\/api.w.org\/{rel}","templated":true}]}}