{"id":2462,"date":"2024-02-09T10:14:26","date_gmt":"2024-02-09T09:14:26","guid":{"rendered":"https:\/\/countryside-immobilier.com\/?page_id=2462"},"modified":"2024-03-11T10:34:16","modified_gmt":"2024-03-11T09:34:16","slug":"art-de-vivre","status":"publish","type":"page","link":"https:\/\/countryside-immobilier.com\/fr\/art-de-vivre\/","title":{"rendered":"Art de vivre"},"content":{"rendered":"\t\t<div data-elementor-type=\"wp-page\" data-elementor-id=\"2462\" class=\"elementor elementor-2462\" data-elementor-post-type=\"page\">\n\t\t\t\t\t\t<section class=\"elementor-section elementor-top-section elementor-element elementor-element-221ca51 elementor-section-boxed elementor-section-height-default elementor-section-height-default elementor-invisible\" data-id=\"221ca51\" data-element_type=\"section\" data-settings=\"{&quot;animation&quot;:&quot;fadeIn&quot;}\">\n\t\t\t\t\t\t<div class=\"elementor-container elementor-column-gap-default\">\n\t\t\t\t\t<div class=\"elementor-column elementor-col-100 elementor-top-column elementor-element elementor-element-b0da27a\" data-id=\"b0da27a\" data-element_type=\"column\">\n\t\t\t<div class=\"elementor-widget-wrap elementor-element-populated\">\n\t\t\t\t\t\t<div class=\"elementor-element elementor-element-6a98e1e elementor-widget elementor-widget-image-carousel\" data-id=\"6a98e1e\" data-element_type=\"widget\" data-settings=\"{&quot;slides_to_show&quot;:&quot;1&quot;,&quot;navigation&quot;:&quot;none&quot;,&quot;autoplay&quot;:&quot;yes&quot;,&quot;pause_on_hover&quot;:&quot;yes&quot;,&quot;pause_on_interaction&quot;:&quot;yes&quot;,&quot;autoplay_speed&quot;:5000,&quot;infinite&quot;:&quot;yes&quot;,&quot;effect&quot;:&quot;slide&quot;,&quot;speed&quot;:500}\" data-widget_type=\"image-carousel.default\">\n\t\t\t\t<div class=\"elementor-widget-container\">\n\t\t\t\t\t\t\t<div class=\"elementor-image-carousel-wrapper swiper\" role=\"region\" aria-roledescription=\"carousel\" aria-label=\"Carrousel d\u2019images\" dir=\"ltr\">\n\t\t\t<div class=\"elementor-image-carousel swiper-wrapper\" aria-live=\"off\">\n\t\t\t\t\t\t\t\t<div class=\"swiper-slide\" role=\"group\" aria-roledescription=\"slide\" aria-label=\"1 sur 1\"><figure class=\"swiper-slide-inner\"><img decoding=\"async\" class=\"swiper-slide-image\" src=\"https:\/\/countryside-immobilier.com\/wp-content\/uploads\/2024\/02\/countryside-immobilier-art-de-vivre-e1707828903457.webp\" alt=\"Villa \u00e0 Grasse\" \/><\/figure><\/div>\t\t\t<\/div>\n\t\t\t\t\t<\/div>\n\t\t\t\t\t\t<\/div>\n\t\t\t\t<\/div>\n\t\t\t\t\t<\/div>\n\t\t<\/div>\n\t\t\t\t\t<\/div>\n\t\t<\/section>\n\t\t\t\t<section class=\"elementor-section elementor-top-section elementor-element elementor-element-aa18663 elementor-section-boxed elementor-section-height-default elementor-section-height-default elementor-invisible\" data-id=\"aa18663\" data-element_type=\"section\" data-settings=\"{&quot;animation&quot;:&quot;slideInUp&quot;}\">\n\t\t\t\t\t\t<div class=\"elementor-container elementor-column-gap-default\">\n\t\t\t\t\t<div class=\"elementor-column elementor-col-100 elementor-top-column elementor-element elementor-element-cf2f539\" data-id=\"cf2f539\" data-element_type=\"column\">\n\t\t\t<div class=\"elementor-widget-wrap elementor-element-populated\">\n\t\t\t\t\t\t<div class=\"elementor-element elementor-element-c610085 elementor-widget elementor-widget-heading\" data-id=\"c610085\" data-element_type=\"widget\" data-widget_type=\"heading.default\">\n\t\t\t\t<div class=\"elementor-widget-container\">\n\t\t\t\t\t<h1 class=\"elementor-heading-title elementor-size-default\">L'Art de vivre<\/h1>\t\t\t\t<\/div>\n\t\t\t\t<\/div>\n\t\t\t\t<div class=\"elementor-element elementor-element-eaf5fb5 elementor-widget-divider--view-line elementor-widget elementor-widget-divider\" data-id=\"eaf5fb5\" data-element_type=\"widget\" data-widget_type=\"divider.default\">\n\t\t\t\t<div class=\"elementor-widget-container\">\n\t\t\t\t\t\t\t<div class=\"elementor-divider\">\n\t\t\t<span class=\"elementor-divider-separator\">\n\t\t\t\t\t\t<\/span>\n\t\t<\/div>\n\t\t\t\t\t\t<\/div>\n\t\t\t\t<\/div>\n\t\t\t\t<div class=\"elementor-element elementor-element-7479500 elementor-widget elementor-widget-heading\" data-id=\"7479500\" data-element_type=\"widget\" data-widget_type=\"heading.default\">\n\t\t\t\t<div class=\"elementor-widget-container\">\n\t\t\t\t\t<p class=\"elementor-heading-title elementor-size-default\">Capitale mondiale du parfum, berceaux des maisons Fragonard, Galimard et Molinard, Grasse jouit d\u2019une renomm\u00e9e internationale et d\u2019un emplacement id\u00e9al entre mer et montagne. De plus en plus pris\u00e9e, cette cit\u00e9 au c\u0153ur de la Provence s\u00e9duit gr\u00e2ce \u00e0 ses demeures authentiques au charme incontestable et sa douceur de vivre.<\/p>\t\t\t\t<\/div>\n\t\t\t\t<\/div>\n\t\t\t\t\t<\/div>\n\t\t<\/div>\n\t\t\t\t\t<\/div>\n\t\t<\/section>\n\t\t\t\t<section class=\"elementor-section elementor-top-section elementor-element elementor-element-ee7843c elementor-section-boxed elementor-section-height-default elementor-section-height-default elementor-invisible\" data-id=\"ee7843c\" data-element_type=\"section\" data-settings=\"{&quot;animation&quot;:&quot;slideInUp&quot;}\">\n\t\t\t\t\t\t<div class=\"elementor-container elementor-column-gap-default\">\n\t\t\t\t\t<div class=\"elementor-column elementor-col-100 elementor-top-column elementor-element elementor-element-7d24fec\" data-id=\"7d24fec\" data-element_type=\"column\">\n\t\t\t<div class=\"elementor-widget-wrap elementor-element-populated\">\n\t\t\t\t\t\t<div class=\"elementor-element elementor-element-b04c882 elementor-widget elementor-widget-jet-listing-grid\" data-id=\"b04c882\" data-element_type=\"widget\" id=\"smart-list\" data-settings=\"{&quot;columns&quot;:&quot;1&quot;}\" data-widget_type=\"jet-listing-grid.default\">\n\t\t\t\t<div class=\"elementor-widget-container\">\n\t\t\t\t\t<div class=\"jet-listing-grid jet-listing\"><div class=\"jet-listing-grid__items grid-col-desk-1 grid-col-tablet-1 grid-col-mobile-1 jet-listing-grid--1473\" data-queried-id=\"2462|WP_Post\" data-nav=\"{&quot;enabled&quot;:false,&quot;type&quot;:null,&quot;more_el&quot;:null,&quot;query&quot;:[],&quot;widget_settings&quot;:{&quot;lisitng_id&quot;:1473,&quot;posts_num&quot;:6,&quot;columns&quot;:1,&quot;columns_tablet&quot;:1,&quot;columns_mobile&quot;:1,&quot;is_archive_template&quot;:&quot;&quot;,&quot;post_status&quot;:[&quot;publish&quot;],&quot;use_random_posts_num&quot;:&quot;&quot;,&quot;max_posts_num&quot;:9,&quot;not_found_message&quot;:&quot;No data was found&quot;,&quot;is_masonry&quot;:false,&quot;equal_columns_height&quot;:&quot;&quot;,&quot;use_load_more&quot;:&quot;&quot;,&quot;load_more_id&quot;:&quot;&quot;,&quot;load_more_type&quot;:&quot;click&quot;,&quot;load_more_offset&quot;:{&quot;unit&quot;:&quot;px&quot;,&quot;size&quot;:0,&quot;sizes&quot;:[]},&quot;use_custom_post_types&quot;:&quot;&quot;,&quot;custom_post_types&quot;:[],&quot;hide_widget_if&quot;:&quot;&quot;,&quot;carousel_enabled&quot;:&quot;&quot;,&quot;slides_to_scroll&quot;:&quot;1&quot;,&quot;arrows&quot;:&quot;true&quot;,&quot;arrow_icon&quot;:&quot;fa fa-angle-left&quot;,&quot;dots&quot;:&quot;&quot;,&quot;autoplay&quot;:&quot;true&quot;,&quot;pause_on_hover&quot;:&quot;true&quot;,&quot;autoplay_speed&quot;:5000,&quot;infinite&quot;:&quot;true&quot;,&quot;center_mode&quot;:&quot;&quot;,&quot;effect&quot;:&quot;slide&quot;,&quot;speed&quot;:500,&quot;inject_alternative_items&quot;:&quot;yes&quot;,&quot;injection_items&quot;:[{&quot;_id&quot;:&quot;8bb13a7&quot;,&quot;item&quot;:&quot;2899&quot;}],&quot;scroll_slider_enabled&quot;:&quot;&quot;,&quot;scroll_slider_on&quot;:[&quot;desktop&quot;,&quot;tablet&quot;,&quot;mobile&quot;],&quot;custom_query&quot;:false,&quot;custom_query_id&quot;:&quot;&quot;,&quot;_element_id&quot;:&quot;smart-list&quot;}}\" data-page=\"1\" data-pages=\"1\" data-listing-source=\"posts\" data-listing-id=\"1473\" data-query-id=\"\"><div class=\"jet-listing-grid__item jet-listing-dynamic-post-4234\" data-post-id=\"4234\" ><div class=\"jet-engine-listing-overlay-wrap\" data-url=\"https:\/\/countryside-immobilier.com\/fr\/grasse-ville-dart-dhistoire\/\">\t\t<div data-elementor-type=\"jet-listing-items\" data-elementor-id=\"1473\" class=\"elementor elementor-1473\" data-elementor-post-type=\"jet-engine\">\n\t\t\t\t\t\t<section class=\"elementor-section elementor-top-section elementor-element elementor-element-e4ebc2e elementor-reverse-tablet elementor-reverse-mobile elementor-section-boxed elementor-section-height-default elementor-section-height-default\" data-id=\"e4ebc2e\" data-element_type=\"section\">\n\t\t\t\t\t\t<div class=\"elementor-container elementor-column-gap-no\">\n\t\t\t\t\t<div class=\"elementor-column elementor-col-50 elementor-top-column elementor-element elementor-element-47f7b4f\" data-id=\"47f7b4f\" data-element_type=\"column\" data-settings=\"{&quot;background_background&quot;:&quot;classic&quot;}\">\n\t\t\t<div class=\"elementor-widget-wrap elementor-element-populated\">\n\t\t\t\t\t\t<div class=\"elementor-element elementor-element-435be63 elementor-widget elementor-widget-heading\" data-id=\"435be63\" data-element_type=\"widget\" data-widget_type=\"heading.default\">\n\t\t\t\t<div class=\"elementor-widget-container\">\n\t\t\t\t\t<p class=\"elementor-heading-title elementor-size-default\">Grasse, ville d&rsquo;art &#038; d&rsquo;histoire<\/p>\t\t\t\t<\/div>\n\t\t\t\t<\/div>\n\t\t\t\t<div class=\"elementor-element elementor-element-7d82bf7 elementor-widget elementor-widget-text-editor\" data-id=\"7d82bf7\" data-element_type=\"widget\" data-widget_type=\"text-editor.default\">\n\t\t\t\t<div class=\"elementor-widget-container\">\n\t\t\t\t\t\t\t\t\t<p>Un cadre de vie pr\u00e9serv\u00e9 et ensoleill\u00e9. Situ\u00e9e au c\u0153ur des collines de l\u2019arri\u00e8re-pays, \u00e0 15kms seulement de Cannes et donc de la M\u00e9diterran\u00e9e, Grasse est un hymne \u00e0 la douceur et aux d\u00e9licates odeurs. Capitale mondiale du parfum, berceaux des maisons Fragonard, Galimard et Molinard, Grasse jouit d\u2019une renomm\u00e9e internationale et d\u2019un emplacement id\u00e9al [&hellip;]<\/p>\t\t\t\t\t\t\t\t<\/div>\n\t\t\t\t<\/div>\n\t\t\t\t<div class=\"elementor-element elementor-element-b91b583 elementor-widget elementor-widget-heading\" data-id=\"b91b583\" data-element_type=\"widget\" data-widget_type=\"heading.default\">\n\t\t\t\t<div class=\"elementor-widget-container\">\n\t\t\t\t\t<p class=\"elementor-heading-title elementor-size-default\"><a href=\"https:\/\/countryside-immobilier.com\/fr\/grasse-ville-dart-dhistoire\/\">En savoir plus<\/a><\/p>\t\t\t\t<\/div>\n\t\t\t\t<\/div>\n\t\t\t\t\t<\/div>\n\t\t<\/div>\n\t\t\t\t<div class=\"elementor-column elementor-col-50 elementor-top-column elementor-element elementor-element-2c4cb2e\" data-id=\"2c4cb2e\" data-element_type=\"column\">\n\t\t\t<div class=\"elementor-widget-wrap elementor-element-populated\">\n\t\t\t\t\t\t<div class=\"elementor-element elementor-element-fdd771e elementor-widget elementor-widget-image\" data-id=\"fdd771e\" data-element_type=\"widget\" data-widget_type=\"image.default\">\n\t\t\t\t<div class=\"elementor-widget-container\">\n\t\t\t\t\t\t\t\t\t\t\t\t\t\t\t\t<a href=\"https:\/\/countryside-immobilier.com\/fr\/grasse-ville-dart-dhistoire\/\">\n\t\t\t\t\t\t\t<img fetchpriority=\"high\" decoding=\"async\" width=\"1920\" height=\"1281\" src=\"https:\/\/countryside-immobilier.com\/wp-content\/uploads\/2024\/02\/PHOTO-GRASSE.jpg\" class=\"attachment-full size-full wp-image-1436\" alt=\"Immobilier Grasse\" srcset=\"https:\/\/countryside-immobilier.com\/wp-content\/uploads\/2024\/02\/PHOTO-GRASSE.jpg 1920w, https:\/\/countryside-immobilier.com\/wp-content\/uploads\/2024\/02\/PHOTO-GRASSE-540x360.jpg 540w, https:\/\/countryside-immobilier.com\/wp-content\/uploads\/2024\/02\/PHOTO-GRASSE-1439x960.jpg 1439w, https:\/\/countryside-immobilier.com\/wp-content\/uploads\/2024\/02\/PHOTO-GRASSE-768x512.jpg 768w, https:\/\/countryside-immobilier.com\/wp-content\/uploads\/2024\/02\/PHOTO-GRASSE-1536x1025.jpg 1536w, https:\/\/countryside-immobilier.com\/wp-content\/uploads\/2024\/02\/PHOTO-GRASSE-18x12.jpg 18w\" sizes=\"(max-width: 1920px) 100vw, 1920px\" \/>\t\t\t\t\t\t\t\t<\/a>\n\t\t\t\t\t\t\t\t\t\t\t\t\t\t\t<\/div>\n\t\t\t\t<\/div>\n\t\t\t\t\t<\/div>\n\t\t<\/div>\n\t\t\t\t\t<\/div>\n\t\t<\/section>\n\t\t\t\t<\/div>\n\t\t<a href=\"https:\/\/countryside-immobilier.com\/fr\/grasse-ville-dart-dhistoire\/\" class=\"jet-engine-listing-overlay-link\"><\/a><\/div><\/div><div class=\"jet-listing-grid__item jet-listing-dynamic-post-1434 jet-listing-grid--2899\" data-post-id=\"1434\" >\t\t<div data-elementor-type=\"jet-listing-items\" data-elementor-id=\"2899\" class=\"elementor elementor-2899\" data-elementor-post-type=\"jet-engine\">\n\t\t\t\t\t\t<section class=\"elementor-section elementor-top-section elementor-element elementor-element-e4ebc2e elementor-section-boxed elementor-section-height-default elementor-section-height-default\" data-id=\"e4ebc2e\" data-element_type=\"section\">\n\t\t\t\t\t\t<div class=\"elementor-container elementor-column-gap-no\">\n\t\t\t\t\t<div class=\"elementor-column elementor-col-50 elementor-top-column elementor-element elementor-element-2c4cb2e\" data-id=\"2c4cb2e\" data-element_type=\"column\">\n\t\t\t<div class=\"elementor-widget-wrap elementor-element-populated\">\n\t\t\t\t\t\t<div class=\"elementor-element elementor-element-fdd771e elementor-widget elementor-widget-image\" data-id=\"fdd771e\" data-element_type=\"widget\" data-widget_type=\"image.default\">\n\t\t\t\t<div class=\"elementor-widget-container\">\n\t\t\t\t\t\t\t\t\t\t\t\t\t\t\t\t<a href=\"https:\/\/countryside-immobilier.com\/fr\/le-domaine-de-la-rose-lancome\/\">\n\t\t\t\t\t\t\t<img decoding=\"async\" width=\"1920\" height=\"1280\" src=\"https:\/\/countryside-immobilier.com\/wp-content\/uploads\/2024\/02\/DOMAINE-DE-LA-ROSE.jpg\" class=\"attachment-full size-full wp-image-4171\" alt=\"Rose de grasse\" srcset=\"https:\/\/countryside-immobilier.com\/wp-content\/uploads\/2024\/02\/DOMAINE-DE-LA-ROSE.jpg 1920w, https:\/\/countryside-immobilier.com\/wp-content\/uploads\/2024\/02\/DOMAINE-DE-LA-ROSE-540x360.jpg 540w, https:\/\/countryside-immobilier.com\/wp-content\/uploads\/2024\/02\/DOMAINE-DE-LA-ROSE-1440x960.jpg 1440w, https:\/\/countryside-immobilier.com\/wp-content\/uploads\/2024\/02\/DOMAINE-DE-LA-ROSE-768x512.jpg 768w, https:\/\/countryside-immobilier.com\/wp-content\/uploads\/2024\/02\/DOMAINE-DE-LA-ROSE-1536x1024.jpg 1536w, https:\/\/countryside-immobilier.com\/wp-content\/uploads\/2024\/02\/DOMAINE-DE-LA-ROSE-18x12.jpg 18w\" sizes=\"(max-width: 1920px) 100vw, 1920px\" \/>\t\t\t\t\t\t\t\t<\/a>\n\t\t\t\t\t\t\t\t\t\t\t\t\t\t\t<\/div>\n\t\t\t\t<\/div>\n\t\t\t\t\t<\/div>\n\t\t<\/div>\n\t\t\t\t<div class=\"elementor-column elementor-col-50 elementor-top-column elementor-element elementor-element-47f7b4f\" data-id=\"47f7b4f\" data-element_type=\"column\" data-settings=\"{&quot;background_background&quot;:&quot;classic&quot;}\">\n\t\t\t<div class=\"elementor-widget-wrap elementor-element-populated\">\n\t\t\t\t\t\t<div class=\"elementor-element elementor-element-435be63 elementor-widget elementor-widget-heading\" data-id=\"435be63\" data-element_type=\"widget\" data-widget_type=\"heading.default\">\n\t\t\t\t<div class=\"elementor-widget-container\">\n\t\t\t\t\t<p class=\"elementor-heading-title elementor-size-default\">Le Domaine de la Rose &#038; Lanc\u00f4me<\/p>\t\t\t\t<\/div>\n\t\t\t\t<\/div>\n\t\t\t\t<div class=\"elementor-element elementor-element-7d82bf7 elementor-widget elementor-widget-text-editor\" data-id=\"7d82bf7\" data-element_type=\"widget\" data-widget_type=\"text-editor.default\">\n\t\t\t\t<div class=\"elementor-widget-container\">\n\t\t\t\t\t\t\t\t\t<p>Ici, \u00e0 Grasse, entre la mer et les montagnes de Provence, vous \u00eates dans la capitale mondiale du parfum. Gr\u00e2ce au climat local id\u00e9al pour la culture de fleurs d&rsquo;une qualit\u00e9 exceptionnelle, une infinie vari\u00e9t\u00e9 de plantes et de fleurs s&rsquo;y \u00e9panouit et leurs senteurs ont fait le tour du monde gr\u00e2ce aux m\u00e9thodes d\u2019extraction [&hellip;]<\/p>\t\t\t\t\t\t\t\t<\/div>\n\t\t\t\t<\/div>\n\t\t\t\t<div class=\"elementor-element elementor-element-b91b583 elementor-widget elementor-widget-heading\" data-id=\"b91b583\" data-element_type=\"widget\" data-widget_type=\"heading.default\">\n\t\t\t\t<div class=\"elementor-widget-container\">\n\t\t\t\t\t<p class=\"elementor-heading-title elementor-size-default\"><a href=\"https:\/\/countryside-immobilier.com\/fr\/le-domaine-de-la-rose-lancome\/\">En savoir plus<\/a><\/p>\t\t\t\t<\/div>\n\t\t\t\t<\/div>\n\t\t\t\t\t<\/div>\n\t\t<\/div>\n\t\t\t\t\t<\/div>\n\t\t<\/section>\n\t\t\t\t<\/div>\n\t\t<\/div><div class=\"jet-listing-grid__item jet-listing-dynamic-post-1437\" data-post-id=\"1437\" ><div class=\"jet-engine-listing-overlay-wrap\" data-url=\"https:\/\/countryside-immobilier.com\/fr\/la-bastide-saint-antoine-jacques-chibois\/\">\t\t<div data-elementor-type=\"jet-listing-items\" data-elementor-id=\"1473\" class=\"elementor elementor-1473\" data-elementor-post-type=\"jet-engine\">\n\t\t\t\t\t\t<section class=\"elementor-section elementor-top-section elementor-element elementor-element-e4ebc2e elementor-reverse-tablet elementor-reverse-mobile elementor-section-boxed elementor-section-height-default elementor-section-height-default\" data-id=\"e4ebc2e\" data-element_type=\"section\">\n\t\t\t\t\t\t<div class=\"elementor-container elementor-column-gap-no\">\n\t\t\t\t\t<div class=\"elementor-column elementor-col-50 elementor-top-column elementor-element elementor-element-47f7b4f\" data-id=\"47f7b4f\" data-element_type=\"column\" data-settings=\"{&quot;background_background&quot;:&quot;classic&quot;}\">\n\t\t\t<div class=\"elementor-widget-wrap elementor-element-populated\">\n\t\t\t\t\t\t<div class=\"elementor-element elementor-element-435be63 elementor-widget elementor-widget-heading\" data-id=\"435be63\" data-element_type=\"widget\" data-widget_type=\"heading.default\">\n\t\t\t\t<div class=\"elementor-widget-container\">\n\t\t\t\t\t<p class=\"elementor-heading-title elementor-size-default\">La Bastide Saint-Antoine &#038; Jacques Chibois<\/p>\t\t\t\t<\/div>\n\t\t\t\t<\/div>\n\t\t\t\t<div class=\"elementor-element elementor-element-7d82bf7 elementor-widget elementor-widget-text-editor\" data-id=\"7d82bf7\" data-element_type=\"widget\" data-widget_type=\"text-editor.default\">\n\t\t\t\t<div class=\"elementor-widget-container\">\n\t\t\t\t\t\t\t\t\t<p>Faisant partie des Grandes Tables du Monde, La Bastide Saint-Antoine vous invite \u00e0 un d\u00e9licieux voyage gastronomique o\u00f9 les saveurs, les parfums et les couleurs rivalisent d\u2019audace et de subtilit\u00e9. Jacques Chibois, virtuose du go\u00fbt, orchestre une cuisine de c\u0153ur pleine de surprises et de cr\u00e9ativit\u00e9 qui chante sous le soleil de la Provence. La [&hellip;]<\/p>\t\t\t\t\t\t\t\t<\/div>\n\t\t\t\t<\/div>\n\t\t\t\t<div class=\"elementor-element elementor-element-b91b583 elementor-widget elementor-widget-heading\" data-id=\"b91b583\" data-element_type=\"widget\" data-widget_type=\"heading.default\">\n\t\t\t\t<div class=\"elementor-widget-container\">\n\t\t\t\t\t<p class=\"elementor-heading-title elementor-size-default\"><a href=\"https:\/\/countryside-immobilier.com\/fr\/la-bastide-saint-antoine-jacques-chibois\/\">En savoir plus<\/a><\/p>\t\t\t\t<\/div>\n\t\t\t\t<\/div>\n\t\t\t\t\t<\/div>\n\t\t<\/div>\n\t\t\t\t<div class=\"elementor-column elementor-col-50 elementor-top-column elementor-element elementor-element-2c4cb2e\" data-id=\"2c4cb2e\" data-element_type=\"column\">\n\t\t\t<div class=\"elementor-widget-wrap elementor-element-populated\">\n\t\t\t\t\t\t<div class=\"elementor-element elementor-element-fdd771e elementor-widget elementor-widget-image\" data-id=\"fdd771e\" data-element_type=\"widget\" data-widget_type=\"image.default\">\n\t\t\t\t<div class=\"elementor-widget-container\">\n\t\t\t\t\t\t\t\t\t\t\t\t\t\t\t\t<a href=\"https:\/\/countryside-immobilier.com\/fr\/la-bastide-saint-antoine-jacques-chibois\/\">\n\t\t\t\t\t\t\t<img decoding=\"async\" width=\"1920\" height=\"882\" src=\"https:\/\/countryside-immobilier.com\/wp-content\/uploads\/2024\/02\/La-Bastide-Saint-Antoine-Jacques-Chibois.webp\" class=\"attachment-full size-full wp-image-1440\" alt=\"BAstide Saint Antoine - restaurant\" srcset=\"https:\/\/countryside-immobilier.com\/wp-content\/uploads\/2024\/02\/La-Bastide-Saint-Antoine-Jacques-Chibois.webp 1920w, https:\/\/countryside-immobilier.com\/wp-content\/uploads\/2024\/02\/La-Bastide-Saint-Antoine-Jacques-Chibois-720x331.webp 720w, https:\/\/countryside-immobilier.com\/wp-content\/uploads\/2024\/02\/La-Bastide-Saint-Antoine-Jacques-Chibois-768x353.webp 768w, https:\/\/countryside-immobilier.com\/wp-content\/uploads\/2024\/02\/La-Bastide-Saint-Antoine-Jacques-Chibois-1536x706.webp 1536w, https:\/\/countryside-immobilier.com\/wp-content\/uploads\/2024\/02\/La-Bastide-Saint-Antoine-Jacques-Chibois-18x8.webp 18w\" sizes=\"(max-width: 1920px) 100vw, 1920px\" \/>\t\t\t\t\t\t\t\t<\/a>\n\t\t\t\t\t\t\t\t\t\t\t\t\t\t\t<\/div>\n\t\t\t\t<\/div>\n\t\t\t\t\t<\/div>\n\t\t<\/div>\n\t\t\t\t\t<\/div>\n\t\t<\/section>\n\t\t\t\t<\/div>\n\t\t<a href=\"https:\/\/countryside-immobilier.com\/fr\/la-bastide-saint-antoine-jacques-chibois\/\" class=\"jet-engine-listing-overlay-link\"><\/a><\/div><\/div><\/div><\/div>\t\t\t\t<\/div>\n\t\t\t\t<\/div>\n\t\t\t\t<div class=\"elementor-element elementor-element-1a8e6b4 elementor-widget elementor-widget-jet-smart-filters-pagination\" data-id=\"1a8e6b4\" data-element_type=\"widget\" data-widget_type=\"jet-smart-filters-pagination.default\">\n\t\t\t\t<div class=\"elementor-widget-container\">\n\t\t\t\t\t<div\n\t\t\t\tclass=\"jet-smart-filters-pagination jet-filter\"\n\t\t\t\tdata-apply-provider=\"jet-engine\"\n\t\t\t\tdata-content-provider=\"jet-engine\"\n\t\t\t\tdata-query-id=\"smart-list\"\n\t\t\t\tdata-controls=\"{&quot;items_enabled&quot;:true,&quot;pages_mid_size&quot;:0,&quot;pages_end_size&quot;:0,&quot;nav_enabled&quot;:false,&quot;load_more_enabled&quot;:false,&quot;provider_top_offset&quot;:0}\"\n\t\t\t\tdata-apply-type=\"ajax\"\n\t\t\t><\/div>\t\t\t\t<\/div>\n\t\t\t\t<\/div>\n\t\t\t\t\t<\/div>\n\t\t<\/div>\n\t\t\t\t\t<\/div>\n\t\t<\/section>\n\t\t\t\t<\/div>\n\t\t","protected":false},"excerpt":{"rendered":"<p>L&rsquo;Art de vivre Capitale mondiale du parfum, berceaux des maisons Fragonard, Galimard et Molinard, Grasse jouit d\u2019une renomm\u00e9e internationale et d\u2019un emplacement id\u00e9al entre mer et montagne. De plus en plus pris\u00e9e, cette cit\u00e9 au c\u0153ur de la Provence s\u00e9duit gr\u00e2ce \u00e0 ses demeures authentiques au charme incontestable et sa douceur de vivre. En savoir [&hellip;]<\/p>\n","protected":false},"author":8,"featured_media":0,"parent":0,"menu_order":0,"comment_status":"closed","ping_status":"closed","template":"","meta":{"footnotes":""},"folder":[],"class_list":["post-2462","page","type-page","status-publish","hentry"],"_links":{"self":[{"href":"https:\/\/countryside-immobilier.com\/fr\/wp-json\/wp\/v2\/pages\/2462","targetHints":{"allow":["GET"]}}],"collection":[{"href":"https:\/\/countryside-immobilier.com\/fr\/wp-json\/wp\/v2\/pages"}],"about":[{"href":"https:\/\/countryside-immobilier.com\/fr\/wp-json\/wp\/v2\/types\/page"}],"author":[{"embeddable":true,"href":"https:\/\/countryside-immobilier.com\/fr\/wp-json\/wp\/v2\/users\/8"}],"replies":[{"embeddable":true,"href":"https:\/\/countryside-immobilier.com\/fr\/wp-json\/wp\/v2\/comments?post=2462"}],"version-history":[{"count":9,"href":"https:\/\/countryside-immobilier.com\/fr\/wp-json\/wp\/v2\/pages\/2462\/revisions"}],"predecessor-version":[{"id":4468,"href":"https:\/\/countryside-immobilier.com\/fr\/wp-json\/wp\/v2\/pages\/2462\/revisions\/4468"}],"wp:attachment":[{"href":"https:\/\/countryside-immobilier.com\/fr\/wp-json\/wp\/v2\/media?parent=2462"}],"wp:term":[{"taxonomy":"folder","embeddable":true,"href":"https:\/\/countryside-immobilier.com\/fr\/wp-json\/wp\/v2\/folder?post=2462"}],"curies":[{"name":"wp","href":"https:\/\/api.w.org\/{rel}","templated":true}]}}