{"id":3,"date":"2021-09-14T09:48:26","date_gmt":"2021-09-14T07:48:26","guid":{"rendered":"https:\/\/mockup.gemea.com\/?page_id=3"},"modified":"2024-02-23T15:09:47","modified_gmt":"2024-02-23T14:09:47","slug":"politique-de-confidentialite","status":"publish","type":"page","link":"https:\/\/countryside-immobilier.com\/fr\/politique-de-confidentialite\/","title":{"rendered":"Mentions L\u00e9gales, Conditions g\u00e9n\u00e9rales de ventes &#038; Politique de confidentialit\u00e9"},"content":{"rendered":"\t\t<div data-elementor-type=\"wp-page\" data-elementor-id=\"3\" class=\"elementor elementor-3\" data-elementor-post-type=\"page\">\n\t\t\t\t\t\t<section class=\"elementor-section elementor-top-section elementor-element elementor-element-097cd47 elementor-section-boxed elementor-section-height-default elementor-section-height-default\" data-id=\"097cd47\" data-element_type=\"section\">\n\t\t\t\t\t\t<div class=\"elementor-container elementor-column-gap-wider\">\n\t\t\t\t\t<div class=\"elementor-column elementor-col-100 elementor-top-column elementor-element elementor-element-12ec91e\" data-id=\"12ec91e\" data-element_type=\"column\">\n\t\t\t<div class=\"elementor-widget-wrap elementor-element-populated\">\n\t\t\t\t\t\t<div class=\"elementor-element elementor-element-c362bb1 elementor-widget elementor-widget-text-editor\" data-id=\"c362bb1\" data-element_type=\"widget\" id=\"mentions-legales\" data-widget_type=\"text-editor.default\">\n\t\t\t\t<div class=\"elementor-widget-container\">\n\t\t\t\t\t\t\t\t\t<p><strong>\u00c9diteur du Site<\/strong><br \/>\nLe site countryside-immobilier.com est \u00e9dit\u00e9 par la soci\u00e9t\u00e9 Countryside immobilier, ayant son si\u00e8ge social <p>40 Chemin de la Source<br \/>\n06130 Grasse &#8211; France<\/p>\n<\/p>\n<p>T\u00e9l\u00e9phone : +33 (0)6 23 04 75 38<\/p>\n<p>Adresse de courrier \u00e9lectronique : sandrine@countryside-immobilier.com<\/p>\n<p>Le directeur de la publication du Site est Countryside immobilier.<\/p>\n<p><strong>H\u00e9bergeur du Site<\/strong><\/p>\n<p>Le Site est h\u00e9berg\u00e9 par la soci\u00e9t\u00e9 : OVH<\/p>\n<p>Adresse : 2, rue Kellermann BP 80157 59053 ROUBAIX Cedex 1<br \/>\nEmail: support@ovh.com<br \/>\nT\u00e9l. : +33 (0)8 203 203 63<br \/>\nNum\u00e9ro d\u2019immatriculation au Registre du Commerce et des Soci\u00e9t\u00e9s de Lille : B 424 761 419<\/p>\n<p><strong>Agence de communication<\/strong><br \/>\nGEMEA Interactive<br \/>\nE-Mail : info@gemea.com<br \/>\nT\u00e9l. : +33(0) 9 50 02 74 00<\/p>\n<p><strong>Cr\u00e9ation de site internet<\/strong><br \/>\nAgence de communication sp\u00e9cialis\u00e9e en cr\u00e9ation de site internet<br \/>\nGEMEA Interactive<br \/>\nE-Mail : info@gemea.com<br \/>\nT\u00e9l. : +33(0) 9 50 02 74 00<\/p>\n<p><strong>Propri\u00e9t\u00e9 intellectuelle :<\/strong><br \/>\nLe contenu de ce site est prot\u00e9g\u00e9 par le droit d&rsquo;auteur. Toute reproduction sans le consentement explicite du directeur de la publication est strictement interdite.<\/p>\n\t\t\t\t\t\t\t\t<\/div>\n\t\t\t\t<\/div>\n\t\t\t\t<div class=\"elementor-element elementor-element-13cf627 elementor-widget-divider--view-line elementor-widget elementor-widget-divider\" data-id=\"13cf627\" data-element_type=\"widget\" data-widget_type=\"divider.default\">\n\t\t\t\t<div class=\"elementor-widget-container\">\n\t\t\t\t\t\t\t<div class=\"elementor-divider\">\n\t\t\t<span class=\"elementor-divider-separator\">\n\t\t\t\t\t\t<\/span>\n\t\t<\/div>\n\t\t\t\t\t\t<\/div>\n\t\t\t\t<\/div>\n\t\t\t\t<div class=\"elementor-element elementor-element-dbf9fd8 elementor-widget elementor-widget-text-editor\" data-id=\"dbf9fd8\" data-element_type=\"widget\" id=\"rgpd\" data-widget_type=\"text-editor.default\">\n\t\t\t\t<div class=\"elementor-widget-container\">\n\t\t\t\t\t\t\t\t\t<p><big><strong>PROTECTION DES DONN\u00c9ES RGPD<\/strong><\/big><br \/>\n<strong>LA PROTECTION DE VOS DONN\u00c9ES CONFIDENTIELLES EST L\u2019UNE DE NOS PR\u00c9OCCUPATIONS.<\/strong><br \/>\nCountryside immobilier s\u2019engage \u00e0 respecter votre vie priv\u00e9e ainsi que les l\u00e9gislations applicables sur la protection des donn\u00e9es et la confidentialit\u00e9. Cette politique de confidentialit\u00e9 (\u00ab Politique \u00bb) d\u00e9crit notre m\u00e9thode de collecte et d\u2019utilisation des donn\u00e9es personnelles lorsque Countryside immobilier en est le responsable du traitement ou lorsque nous mentionnons l\u2019applicabilit\u00e9 de cette politique. \u00ab Les donn\u00e9es personnelles \u00bb sont toutes les informations vous concernant ou celles de tout individu pouvant \u00eatre identifi\u00e9.<br \/>\nNous vous donnerons des informations compl\u00e9mentaires concernant cette confidentialit\u00e9, lorsqu\u2019elle est sp\u00e9cifique \u00e0 un produit ou un service dans les Suppl\u00e9ments de cette politique. Vous pourrez \u00e9galement rencontrer des avertissements lors de l\u2019utilisation de nos produits ou services. Si vous rencontrez des diff\u00e9rences entre ces avertissements et cette Politique, vous devrez d\u2019abord prendre en consid\u00e9ration les avertissements.<br \/>\nLes logiciels de votre terminal peuvent avoir acc\u00e8s \u00e0 vos informations. Nos produits ou services peuvent contenir des liens vers, ou \u00eatre int\u00e9gr\u00e9s \u00e0, d\u2019autres sites Internet et services de soci\u00e9t\u00e9s qui poss\u00e8dent leur propre politique de confidentialit\u00e9. L\u00e0 o\u00f9 nos produits sont int\u00e9gr\u00e9s aux produits et services de nos clients, nous leur demandons de faire preuve de transparence \u00e0 votre \u00e9gard. Cela peut correspondre \u00e0 la pr\u00e9sence d\u2019un lien redirigeant vers la pr\u00e9sente Politique et les Suppl\u00e9ments pertinents, cette transparence peut \u00e9galement appara\u00eetre sous forme de notifications int\u00e9gr\u00e9es nous identifiant comme le fournisseur ou le responsable du service.<\/p>\n<p>Si vous n\u2019\u00eates pas d\u2019accord avec cette politique, n\u2019utilisez pas nos produits ou nos services, et ne fournissez pas vos donn\u00e9es personnelles \u00e0 Countryside immobilier.<\/p>\n<p><strong>QUELLES INFORMATIONS COLLECTONS-NOUS ?<\/strong><br \/>\nNous recueillons vos donn\u00e9es personnelles et d\u2019autres informations lorsque vous faites une demande de devis<\/p>\n<p><strong>UTILISATION DES PRODUITS ET SERVICES<\/strong><br \/>\nLorsque vous acc\u00e9dez \u00e0 nos services en ligne, nos serveurs Web enregistrent automatiquement vos visites. Ces enregistrements comprennent g\u00e9n\u00e9ralement l\u2019adresse IP, les dur\u00e9es de l\u2019acc\u00e8s, les sites qui vous ont redirig\u00e9, les pages visit\u00e9es, les liens et caract\u00e9ristiques utilis\u00e9s, le contenu affich\u00e9 ou demand\u00e9, le type de navigateur ou d\u2019application, la langue et d\u2019autres informations de ce genre. Vous pouvez \u00e9galement vous r\u00e9f\u00e9rer \u00e0 notre Politique en mati\u00e8re de cookies.<br \/>\nNos applications peuvent contacter r\u00e9guli\u00e8rement nos serveurs, par exemple afin de v\u00e9rifier s\u2019il existe des mises \u00e0 jour, ou pour nous envoyer des informations concernant votre utilisation de nos services. En outre, nous pouvons vous inviter \u00e0 rejoindre volontairement des programmes d\u2019am\u00e9lioration du service ou de recherche, dans lesquels nous collectons des informations d\u00e9taill\u00e9es. Consultez les Suppl\u00e9ments de cette Politique pour en savoir plus.<\/p>\n<p><strong>INFORMATIONS QUE VOUS NOUS AVEZ FOURNIES<\/strong><br \/>\nLorsque vous faites une demande de devis, nous pouvons vous demander des renseignements du genre nom, adresse \u00e9lectronique, num\u00e9ro de t\u00e9l\u00e9phone, adresse postale, commentaires.<\/p>\n<p><strong>POURQUOI TRAITONS-NOUS VOS DONN\u00c9ES PERSONNELLES ?<\/strong><br \/>\nCountryside immobilier peut traiter vos donn\u00e9es personnelles pour r\u00e9pondre \u00e0 diff\u00e9rents besoins. Cela peut s\u2019appliquer \u00e0 un ou plusieurs besoins \u00e0 la fois.<\/p>\n<p><strong>COMPTES<\/strong><br \/>\nUn compte peut \u00eatre n\u00e9cessaire pour vous aider \u00e0 g\u00e9rer votre contenu et vos pr\u00e9f\u00e9rences. En fonction du service, la cr\u00e9ation d\u2019un compte peut \u00eatre requise ou facultative. La cr\u00e9ation d\u2019un compte implique que vous nous communiquiez des informations de contact basiques vous concernant comme votre nom, votre adresse de courriel, votre pays de r\u00e9sidence.<\/p>\n<p><strong>COMMUNIQUER AVEC VOUS<\/strong><br \/>\nNous pouvons utiliser vos donn\u00e9es personnelles pour communiquer avec vous afin de vous contacter au travers de notre service client\u00e8le.<\/p>\n<p><strong>QUELLE EST LA BASE JURIDIQUE SUR LAQUELLE REPOSE LE TRAITEMENT DE VOS DONN\u00c9ES PERSONNELLES ?<\/strong><br \/>\nNotre base juridique pour le traitement de vos donn\u00e9es personnelles d\u00e9pend de l\u2019objectif de ce traitement et peut \u00eatre amen\u00e9e \u00e0 varier comme le d\u00e9crit le Suppl\u00e9ment correspondant au produit ou service que vous utilisez. En r\u00e8gle g\u00e9n\u00e9rale, les bases juridiques pour le traitement de vos donn\u00e9es personnelles sont les suivantes\u00a0:<\/p>\n<p><strong>OBLIGATIONS L\u00c9GALES<\/strong><br \/>\nNous traitons vos donn\u00e9es personnelles dans le respect des l\u00e9gislations et des r\u00e9glementations.<\/p>\n<p><strong>INT\u00c9R\u00caTS L\u00c9GITIMES<\/strong><br \/>\nNous traitons vos donn\u00e9es personnelles au profit de nos int\u00e9r\u00eats l\u00e9gitimes en mati\u00e8re de gestion client. Tout traitement de ce type est soumis \u00e0 des mesures appropri\u00e9es visant \u00e0 prot\u00e9ger vos libert\u00e9s et vos droits fondamentaux en lien avec vos donn\u00e9es personnelles..<\/p>\n<p><strong>COMBIEN DE TEMPS CONSERVONS-NOUS LES DONN\u00c9ES PERSONNELLES ?<\/strong><br \/>\nNous nous effor\u00e7ons de collecter uniquement les donn\u00e9es personnelles en ad\u00e9quation avec l\u2019objectif pour lequel elles ont \u00e9t\u00e9 collect\u00e9es et de ne pas conserver ces donn\u00e9es plus longtemps que ces objectifs l\u2019exigent. La dur\u00e9e pendant laquelle les donn\u00e9es personnelles sont conserv\u00e9es et les crit\u00e8res qui d\u00e9terminent cette dur\u00e9e d\u00e9pendent de la nature de ces donn\u00e9es personnelles et de l\u2019objectif pour lequel elles ont \u00e9t\u00e9 collect\u00e9es. Par exemple, pour ce qui est des donn\u00e9es en lien avec la gestion de votre compte (comme votre nom, adresse courriel, contenu du compte et pr\u00e9f\u00e9rences), elles sont conserv\u00e9es aussi longtemps que vous les maintenez sur votre compte. Vous pouvez contacter le bureau confidentialit\u00e9 de Countryside immobilier \u00e0 l\u2019adresse\u00a0sandrine@countryside-immobilier.com\u00a0afin d\u2019obtenir un compl\u00e9ment d\u2019information \u00e0 propos de la conservation de vos donn\u00e9es personnelles.<\/p>\n<p><strong>PARTAGEONS-NOUS VOS DONN\u00c9ES PERSONNELLES ?<\/strong><br \/>\nNous ne vendons pas, ni ne louons ou divulguons vos donn\u00e9es personnelles \u00e0 des tiers.<\/p>\n<p><strong>DIVULGATIONS OBLIGATOIRES<\/strong><br \/>\nNous pouvons \u00eatre oblig\u00e9s par la l\u00e9gislation \u00e0 divulguer vos donn\u00e9es personnelles \u00e0 certaines autorit\u00e9s ou \u00e0 d\u2019autres tiers, par exemple aux forces de l\u2019ordre. Nous pouvons aussi divulguer et traiter vos donn\u00e9es personnelles conform\u00e9ment \u00e0 la l\u00e9gislation applicable pour d\u00e9fendre les int\u00e9r\u00eats l\u00e9gitimes de Countryside immobilier, par exemple en cas de proc\u00e9dures judiciaires ou en rapport avec des demandes et des d\u00e9p\u00f4ts gouvernementaux.<\/p>\n<p><strong>FUSIONS ET ACQUISITIONS<\/strong><br \/>\nSi nous d\u00e9cidons de vendre, fusionner ou autrement r\u00e9organiser nos soci\u00e9t\u00e9s dans certains pays, ceci peut impliquer que nous divulguions les donn\u00e9es personnelles aux acqu\u00e9reurs potentiels ou r\u00e9els et \u00e0 leurs conseillers, ou que nous recevions les donn\u00e9es personnelles des vendeurs et de leurs conseillers.<\/p>\n<p><strong>COMMENT ABORDER LA QUALIT\u00c9 DES DONN\u00c9ES ?<\/strong><br \/>\nNous prenons des mesures raisonnables pour garder exactes les donn\u00e9es personnelles que nous avons en notre possession et pour supprimer les donn\u00e9es personnelles incorrectes ou inutiles.<br \/>\nNous vous encourageons \u00e0 acc\u00e9der \u00e0 votre compte pour consulter vos donn\u00e9es personnelles de temps en temps afin d\u2019assurer qu\u2019elles soient \u00e0 jour.<\/p>\n<p><strong>QUELLES MESURES SONT PRISES POUR PROT\u00c9GER VOS DONN\u00c9ES PERSONNELLES ?<\/strong><br \/>\nNous prenons les mesures appropri\u00e9es pour faire face au risque de s\u00e9curit\u00e9 en ligne, de s\u00e9curit\u00e9 physique, de perte de donn\u00e9es et autres risques en prenant en compte le risque repr\u00e9sent\u00e9 par le traitement et la nature des donn\u00e9es qui sont prot\u00e9g\u00e9es. Nous limitons \u00e9galement l\u2019acc\u00e8s \u00e0 nos bases de donn\u00e9es contenant des donn\u00e9es personnelles au seul personnel autoris\u00e9 ayant un besoin justifi\u00e9 d\u2019acc\u00e9der \u00e0 ces informations.<\/p>\n<p><strong>QUELS SONT VOS DROITS ?<\/strong><br \/>\nVous avez le droit de conna\u00eetre les donn\u00e9es personnelles que nous conservons \u00e0 votre sujet et d\u2019y acc\u00e9der Vous avez le droit de demander que toute donn\u00e9e personnelle incompl\u00e8te, erron\u00e9e, non n\u00e9cessaire ou non \u00e0 jour soit mise \u00e0 jour. Vous avez le droit de demander la suppression de vos donn\u00e9es personnelles et d\u2019obtenir une copie de vos donn\u00e9es dans un format lisible par un ordinateur. Vous avez le droit de contester ou de restreindre le traitement dans certaines circonstances, par exemple lorsque vous pensez que les donn\u00e9es sont inexactes ou que l\u2019activit\u00e9 de traitement est ill\u00e9gale. Si vous r\u00e9sidez dans un pays membre de l\u2019Union europ\u00e9enne ou dans l\u2019espace \u00e9conomique europ\u00e9en, vous avez le droit d\u2019introduire une r\u00e9clamation aupr\u00e8s d\u2019une autorit\u00e9 de contr\u00f4le concernant notre collecte de donn\u00e9es et nos activit\u00e9s de traitement.<br \/>\nVous pouvez exercer vos droits en nous contactant. La l\u00e9gislation sur la protection des donn\u00e9es en vigueur peut contenir certaines restrictions \u00e0 l\u2019\u00e9tendue de l\u2019exercice de ces droits. Si une restriction s\u2019applique, nous r\u00e9pondrons \u00e0 votre demande par une explication des actions qui seront entreprises, dans la mesure requise par la l\u00e9gislation en vigueur sur la protection des donn\u00e9es.<\/p>\n<p><strong>LES COOKIES ET COMMENT NOUS LES UTILISONS<\/strong><br \/>\nCette politique vous explique comment Countryside immobilier utilise les cookies, les fichiers et technologies li\u00e9s aux cookies sur ses sites Internet, par exemple, les objets locaux partag\u00e9s, \u00e9galement appel\u00e9s \u00ab\u00a0Flash cookies\u00a0\u00bb, les balises Web, etc. Nous y faisons r\u00e9f\u00e9rence, en g\u00e9n\u00e9ral, sous le nom de \u00ab\u00a0cookies\u00a0\u00bb.<\/p>\n<p><strong>QUE SONT LES COOKIES ET COMMENT FONCTIONNENT-ILS ?<\/strong><br \/>\nLes cookies sont de petits fichiers qui sont envoy\u00e9s puis stock\u00e9s dans votre ordinateur par les sites Web que vous visitez. Les cookies sont stock\u00e9s dans le r\u00e9pertoire du fichier de votre navigateur. Lors de votre prochaine visite sur ce site, votre navigateur lira le cookie et retransmettra les informations au site Web ou \u00e0 l\u2019\u00e9l\u00e9ment \u00e0 l\u2019origine du cookie. Pour en savoir plus sur ces technologies, et leur fonctionnement, veuillez consulter par ex. allaboutcookies.org.<\/p>\n<p><strong>POURQUOI EST-CE QUE Countryside immobilier SE SERT DE COOKIES ?<\/strong><br \/>\nLes domaines Countryside immobilier utilisent des cookies pour vous offrir une exp\u00e9rience plus fluide, et pour les raisons \u00e9voqu\u00e9es ci-apr\u00e8s.<\/p>\n<p><strong>FONCTIONS DE BASE.<\/strong><br \/>\nCes cookies sont essentiels pour le fonctionnement de nos sites Web et pour vous apporter une exp\u00e9rience ininterrompue.<br \/>\nVous pouvez naviguer de mani\u00e8re ininterrompue gr\u00e2ce \u00e0 l\u2019enregistrement de certaines donn\u00e9es comme vos pr\u00e9f\u00e9rences de langue et de pays, tout en pr\u00e9servant l\u2019authentification des parties s\u00e9curis\u00e9es du domaine.<\/p>\n<p><strong>AM\u00c9LIORATION DU SITE<\/strong><br \/>\nCes cookies nous permettent d\u2019am\u00e9liorer nos sites Web en observant l\u2019utilisation qui en est faite.<br \/>\nNous effectuons un profilage analytique pour voir par ex. si un produit particulier est vu par des utilisateurs uniques (pour d\u00e9tecter s\u2019il est populaire). Nous observons \u00e9galement l\u2019endroit \u00e0 partir duquel se fait l\u2019acc\u00e8s pour disposer nos sites de la meilleure mani\u00e8re pour nos utilisateurs.<\/p>\n<p><strong>QUELLE EST LA BASE JURIDIQUE SUR LAQUELLE REPOSE LE TRAITEMENT DE VOS DONN\u00c9ES PERSONNELLES ?<\/strong><br \/>\nLes cookies ainsi que les pixels de tracking sont int\u00e9gr\u00e9s \u00e0 notre site sur la base de votre consentement. Vous pouvez \u00e9galement g\u00e9rer vos param\u00e8tres de cookies depuis les param\u00e8tres de votre navigateur.<\/p>\n<p><strong>COMMENT PUIS-JE G\u00c9RER LES COOKIES ?<\/strong><br \/>\nVous pouvez modifier les options disponibles pour g\u00e9rer les cookies sur votre navigateur. Le navigateur peut \u00eatre utilis\u00e9 pour g\u00e9rer les cookies associ\u00e9s aux\u00a0fonctions de base, am\u00e9lioration du site, personnalisation et publicit\u00e9.\u00a0Les diff\u00e9rents navigateurs utilisent diff\u00e9rentes mani\u00e8res de d\u00e9sactiver les cookies, mais elles se trouvent en g\u00e9n\u00e9ral dans le menu Outils ou Options. Vous pouvez aussi consulter le menu d\u2019aide du navigateur. En plus de la gestion des cookies, les navigateurs vous permettent \u00e9galement de contr\u00f4ler des fichiers semblables aux cookies, comme les objets locaux partag\u00e9s en activant le mode de confidentialit\u00e9 du navigateur.\u2028\u2028La d\u00e9sactivation des cookies peut vous emp\u00eacher d\u2019utiliser certaines sections des sites Web de Countryside immobilier. Toutefois, si vous supprimez vos cookies du navigateur, vous aurez peut-\u00eatre \u00e0 r\u00e9installer les cookies que vous aurez choisi de d\u00e9sactiver.<\/p>\n<p><strong>COMBIEN DE TEMPS CONSERVONS-NOUS LES INFORMATIONS ?<\/strong><br \/>\nCela d\u00e9pend du type de cookies. Les cookies de session expirent \u00e0 la fermeture du navigateur.<\/p>\n<p><strong>QUI EST LE RESPONSABLE DU TRAITEMENT DE VOS DONN\u00c9ES PERSONNELLES ?<\/strong><br \/>\nCountryside immobilier sera l\u2019administrateur de vos donn\u00e9es personnelles.<br \/>\nVous pouvez trouver l\u2019identit\u00e9 de l\u2019administrateur et ses coordonn\u00e9es sur le site Web Countryside immobilier.<br \/>\nPour les questions relatives aux pratiques de confidentialit\u00e9 de Countryside immobilier, vous pouvez contacter aux coordonn\u00e9es suivantes\u00a0:<br \/>\nCountryside immobilier &#8211; <p>40 Chemin de la Source<br \/>\n06130 Grasse &#8211; France<\/p>\n<br \/>\nE-mail : sandrine@countryside-immobilier.com<\/p>\n<p><strong>MODIFICATIONS DE LA POLITIQUE DE CONFIDENTIALIT\u00c9<\/strong><br \/>\nCountryside immobilier se r\u00e9serve le droit de modifier le pr\u00e9sent document et, avec ou sans pr\u00e9avis, de bloquer l\u2019acc\u00e8s \u00e0 notre Site \u00e0 tout moment, ou d\u2019en changer les conditions d\u2019acc\u00e8s. Toutefois, si notre Politique devait \u00eatre modifi\u00e9e dans un sens qui risquerait de vous \u00eatre d\u00e9favorable, Countryside immobilier publierait une note d\u2019avertissement en t\u00eate de la pr\u00e9sente politique, ainsi que sur la page d\u2019accueil de notre Site. Nous vous conseillons de consulter r\u00e9guli\u00e8rement notre Politique pour vous tenir inform\u00e9 des changements \u00e9ventuels.<\/p>\n\t\t\t\t\t\t\t\t<\/div>\n\t\t\t\t<\/div>\n\t\t\t\t\t<\/div>\n\t\t<\/div>\n\t\t\t\t\t<\/div>\n\t\t<\/section>\n\t\t\t\t<\/div>\n\t\t","protected":false},"excerpt":{"rendered":"","protected":false},"author":1,"featured_media":0,"parent":0,"menu_order":0,"comment_status":"closed","ping_status":"closed","template":"elementor_header_footer","meta":{"footnotes":""},"folder":[17],"class_list":["post-3","page","type-page","status-publish","hentry"],"_links":{"self":[{"href":"https:\/\/countryside-immobilier.com\/fr\/wp-json\/wp\/v2\/pages\/3","targetHints":{"allow":["GET"]}}],"collection":[{"href":"https:\/\/countryside-immobilier.com\/fr\/wp-json\/wp\/v2\/pages"}],"about":[{"href":"https:\/\/countryside-immobilier.com\/fr\/wp-json\/wp\/v2\/types\/page"}],"author":[{"embeddable":true,"href":"https:\/\/countryside-immobilier.com\/fr\/wp-json\/wp\/v2\/users\/1"}],"replies":[{"embeddable":true,"href":"https:\/\/countryside-immobilier.com\/fr\/wp-json\/wp\/v2\/comments?post=3"}],"version-history":[{"count":3,"href":"https:\/\/countryside-immobilier.com\/fr\/wp-json\/wp\/v2\/pages\/3\/revisions"}],"predecessor-version":[{"id":4154,"href":"https:\/\/countryside-immobilier.com\/fr\/wp-json\/wp\/v2\/pages\/3\/revisions\/4154"}],"wp:attachment":[{"href":"https:\/\/countryside-immobilier.com\/fr\/wp-json\/wp\/v2\/media?parent=3"}],"wp:term":[{"taxonomy":"folder","embeddable":true,"href":"https:\/\/countryside-immobilier.com\/fr\/wp-json\/wp\/v2\/folder?post=3"}],"curies":[{"name":"wp","href":"https:\/\/api.w.org\/{rel}","templated":true}]}}