{"id":50,"date":"2021-09-17T16:02:40","date_gmt":"2021-09-17T14:02:40","guid":{"rendered":"https:\/\/mockup.gemea.com\/?page_id=50"},"modified":"2024-02-19T16:56:45","modified_gmt":"2024-02-19T15:56:45","slug":"services","status":"publish","type":"page","link":"https:\/\/countryside-immobilier.com\/fr\/services\/","title":{"rendered":"Services"},"content":{"rendered":"\t\t<div data-elementor-type=\"wp-page\" data-elementor-id=\"50\" class=\"elementor elementor-50\" data-elementor-post-type=\"page\">\n\t\t\t\t\t\t<section class=\"elementor-section elementor-top-section elementor-element elementor-element-d17b31d elementor-section-boxed elementor-section-height-default elementor-section-height-default elementor-invisible\" data-id=\"d17b31d\" data-element_type=\"section\" data-settings=\"{&quot;animation&quot;:&quot;fadeIn&quot;}\">\n\t\t\t\t\t\t<div class=\"elementor-container elementor-column-gap-default\">\n\t\t\t\t\t<div class=\"elementor-column elementor-col-100 elementor-top-column elementor-element elementor-element-ec360ea\" data-id=\"ec360ea\" data-element_type=\"column\">\n\t\t\t<div class=\"elementor-widget-wrap elementor-element-populated\">\n\t\t\t\t\t\t<div class=\"elementor-element elementor-element-26186f2 elementor-widget elementor-widget-image-carousel\" data-id=\"26186f2\" data-element_type=\"widget\" data-settings=\"{&quot;slides_to_show&quot;:&quot;1&quot;,&quot;navigation&quot;:&quot;none&quot;,&quot;autoplay&quot;:&quot;yes&quot;,&quot;pause_on_hover&quot;:&quot;yes&quot;,&quot;pause_on_interaction&quot;:&quot;yes&quot;,&quot;autoplay_speed&quot;:5000,&quot;infinite&quot;:&quot;yes&quot;,&quot;effect&quot;:&quot;slide&quot;,&quot;speed&quot;:500}\" data-widget_type=\"image-carousel.default\">\n\t\t\t\t<div class=\"elementor-widget-container\">\n\t\t\t\t\t\t\t<div class=\"elementor-image-carousel-wrapper swiper\" role=\"region\" aria-roledescription=\"carousel\" aria-label=\"Carrousel d\u2019images\" dir=\"ltr\">\n\t\t\t<div class=\"elementor-image-carousel swiper-wrapper\" aria-live=\"off\">\n\t\t\t\t\t\t\t\t<div class=\"swiper-slide\" role=\"group\" aria-roledescription=\"slide\" aria-label=\"1 sur 1\"><figure class=\"swiper-slide-inner\"><img decoding=\"async\" class=\"swiper-slide-image\" src=\"https:\/\/countryside-immobilier.com\/wp-content\/uploads\/2024\/02\/countryside-immobilier-services-e1707828823535.webp\" alt=\"Villa \u00e0 Grasse\" \/><\/figure><\/div>\t\t\t<\/div>\n\t\t\t\t\t<\/div>\n\t\t\t\t\t\t<\/div>\n\t\t\t\t<\/div>\n\t\t\t\t\t<\/div>\n\t\t<\/div>\n\t\t\t\t\t<\/div>\n\t\t<\/section>\n\t\t\t\t<section class=\"elementor-section elementor-top-section elementor-element elementor-element-c5b7c83 elementor-section-boxed elementor-section-height-default elementor-section-height-default elementor-invisible\" data-id=\"c5b7c83\" data-element_type=\"section\" data-settings=\"{&quot;animation&quot;:&quot;slideInUp&quot;}\">\n\t\t\t\t\t\t<div class=\"elementor-container elementor-column-gap-default\">\n\t\t\t\t\t<div class=\"elementor-column elementor-col-100 elementor-top-column elementor-element elementor-element-514ad5e\" data-id=\"514ad5e\" data-element_type=\"column\">\n\t\t\t<div class=\"elementor-widget-wrap elementor-element-populated\">\n\t\t\t\t\t\t<div class=\"elementor-element elementor-element-b99550d elementor-widget elementor-widget-heading\" data-id=\"b99550d\" data-element_type=\"widget\" data-widget_type=\"heading.default\">\n\t\t\t\t<div class=\"elementor-widget-container\">\n\t\t\t\t\t<h1 class=\"elementor-heading-title elementor-size-default\">Nos services<\/h1>\t\t\t\t<\/div>\n\t\t\t\t<\/div>\n\t\t\t\t<div class=\"elementor-element elementor-element-2e1509d elementor-widget-divider--view-line elementor-widget elementor-widget-divider\" data-id=\"2e1509d\" data-element_type=\"widget\" data-widget_type=\"divider.default\">\n\t\t\t\t<div class=\"elementor-widget-container\">\n\t\t\t\t\t\t\t<div class=\"elementor-divider\">\n\t\t\t<span class=\"elementor-divider-separator\">\n\t\t\t\t\t\t<\/span>\n\t\t<\/div>\n\t\t\t\t\t\t<\/div>\n\t\t\t\t<\/div>\n\t\t\t\t\t<\/div>\n\t\t<\/div>\n\t\t\t\t\t<\/div>\n\t\t<\/section>\n\t\t\t\t<section class=\"elementor-section elementor-top-section elementor-element elementor-element-a9c276d elementor-section-boxed elementor-section-height-default elementor-section-height-default elementor-invisible\" data-id=\"a9c276d\" data-element_type=\"section\" data-settings=\"{&quot;animation&quot;:&quot;slideInLeft&quot;}\">\n\t\t\t\t\t\t<div class=\"elementor-container elementor-column-gap-wider\">\n\t\t\t\t\t<div class=\"elementor-column elementor-col-100 elementor-top-column elementor-element elementor-element-e42fe25\" data-id=\"e42fe25\" data-element_type=\"column\" data-settings=\"{&quot;background_background&quot;:&quot;classic&quot;}\">\n\t\t\t<div class=\"elementor-widget-wrap elementor-element-populated\">\n\t\t\t\t\t\t<div class=\"elementor-element elementor-element-8819a97 elementor-widget elementor-widget-heading\" data-id=\"8819a97\" data-element_type=\"widget\" data-widget_type=\"heading.default\">\n\t\t\t\t<div class=\"elementor-widget-container\">\n\t\t\t\t\t<p class=\"elementor-heading-title elementor-size-default\">Estimation de votre propri\u00e9t\u00e9<\/p>\t\t\t\t<\/div>\n\t\t\t\t<\/div>\n\t\t\t\t<div class=\"elementor-element elementor-element-bc1e70a elementor-widget elementor-widget-text-editor\" data-id=\"bc1e70a\" data-element_type=\"widget\" data-widget_type=\"text-editor.default\">\n\t\t\t\t<div class=\"elementor-widget-container\">\n\t\t\t\t\t\t\t\t\t<p><strong>L\u2019Estimation est une \u00e9tape cl\u00e9 dans la r\u00e9ussite de votre projet !<\/strong><br \/><br \/>Proc\u00e9der \u00e0 une \u00e9valuation \u00e0 distance ou sur un formulaire en ligne, peut aboutir \u00e0 un prix erron\u00e9. Une estimation immobili\u00e8re sur\u00e9valu\u00e9e fera perdre de longs mois \u00e0 son propri\u00e9taire alors qu\u2019une estimation immobili\u00e8re sous-\u00e9valu\u00e9e se fera rapidement mais au d\u00e9triment du propri\u00e9taire.<br \/><br \/>Conna\u00eetre le prix du march\u00e9 immobilier \u00e0 Grasse et ses environs implique la prise en compte de plusieurs \u00e9l\u00e9ments tels que :<br \/><br \/>Les caract\u00e9ristiques propres du bien<br \/>L\u2019environnement du bien<br \/>La connaissance des recherches et tendances actuelles pour ce type de bien par les acqu\u00e9reurs.<br \/><br \/>Parce qu\u2019il n\u2019existe pas 2 biens identiques et afin d\u2019assurer la meilleure expertise, nous prenons le temps de nous d\u00e9placer \u00e0 votre domicile. L&rsquo;\u00e9valuation correcte de votre bien est fondamentale pour parvenir \u00e0 la concr\u00e9tisation de votre projet de vente dans des conditions optimales. Seule une \u00e9tude r\u00e9alis\u00e9e in situ permet de d\u00e9terminer une valeur pertinente du bien.<\/p>\t\t\t\t\t\t\t\t<\/div>\n\t\t\t\t<\/div>\n\t\t\t\t<div class=\"elementor-element elementor-element-6d90f39 elementor-align-center elementor-widget elementor-widget-button\" data-id=\"6d90f39\" data-element_type=\"widget\" data-widget_type=\"button.default\">\n\t\t\t\t<div class=\"elementor-widget-container\">\n\t\t\t\t\t\t\t\t\t<div class=\"elementor-button-wrapper\">\n\t\t\t\t\t<a class=\"elementor-button elementor-button-link elementor-size-sm\" href=\"\/contact\">\n\t\t\t\t\t\t<span class=\"elementor-button-content-wrapper\">\n\t\t\t\t\t\t\t\t\t<span class=\"elementor-button-text\">Estimer votre bien<\/span>\n\t\t\t\t\t<\/span>\n\t\t\t\t\t<\/a>\n\t\t\t\t<\/div>\n\t\t\t\t\t\t\t\t<\/div>\n\t\t\t\t<\/div>\n\t\t\t\t\t<\/div>\n\t\t<\/div>\n\t\t\t\t\t<\/div>\n\t\t<\/section>\n\t\t\t\t<section class=\"elementor-section elementor-top-section elementor-element elementor-element-3803dd5 elementor-section-boxed elementor-section-height-default elementor-section-height-default elementor-invisible\" data-id=\"3803dd5\" data-element_type=\"section\" data-settings=\"{&quot;animation&quot;:&quot;slideInUp&quot;}\">\n\t\t\t\t\t\t<div class=\"elementor-container elementor-column-gap-default\">\n\t\t\t\t\t<div class=\"elementor-column elementor-col-100 elementor-top-column elementor-element elementor-element-76a5f5e\" data-id=\"76a5f5e\" data-element_type=\"column\">\n\t\t\t<div class=\"elementor-widget-wrap elementor-element-populated\">\n\t\t\t\t\t\t<div class=\"elementor-element elementor-element-4488db1 elementor-widget elementor-widget-heading\" data-id=\"4488db1\" data-element_type=\"widget\" data-widget_type=\"heading.default\">\n\t\t\t\t<div class=\"elementor-widget-container\">\n\t\t\t\t\t<p class=\"elementor-heading-title elementor-size-default\">Gestion de votre propri\u00e9t\u00e9<\/p>\t\t\t\t<\/div>\n\t\t\t\t<\/div>\n\t\t\t\t<div class=\"elementor-element elementor-element-c94862f elementor-widget elementor-widget-text-editor\" data-id=\"c94862f\" data-element_type=\"widget\" data-widget_type=\"text-editor.default\">\n\t\t\t\t<div class=\"elementor-widget-container\">\n\t\t\t\t\t\t\t\t\t<p><strong>Vous \u00eates propri\u00e9taire d\u2019une r\u00e9sidence secondaire et souhaitez partir l\u2019esprit tranquille, Countryside immobilier s\u2019occupe de tout !<\/strong><br \/><br \/>Nous vous proposons un service \u00ab \u00e0 la carte \u00bb et sur-mesure en fonction de vos besoins et de vos habitudes. Notre m\u00e9thode de travail s\u2019appuie sur une charte de qualit\u00e9 impliquant une grande disponibilit\u00e9, une totale transparence et un cahier des charges scrupuleusement suivis avec des comptes rendus d\u2019activit\u00e9 r\u00e9guliers .<br \/>Voici une liste non exhaustive des prestations que nous pouvons r\u00e9aliser pour vous:<\/p>\t\t\t\t\t\t\t\t<\/div>\n\t\t\t\t<\/div>\n\t\t\t\t\t<\/div>\n\t\t<\/div>\n\t\t\t\t\t<\/div>\n\t\t<\/section>\n\t\t\t\t<section class=\"elementor-section elementor-top-section elementor-element elementor-element-89ec914 elementor-reverse-tablet elementor-reverse-mobile elementor-section-boxed elementor-section-height-default elementor-section-height-default elementor-invisible\" data-id=\"89ec914\" data-element_type=\"section\" data-settings=\"{&quot;animation&quot;:&quot;slideInRight&quot;}\">\n\t\t\t\t\t\t<div class=\"elementor-container elementor-column-gap-no\">\n\t\t\t\t\t<div class=\"elementor-column elementor-col-50 elementor-top-column elementor-element elementor-element-81dd4b4\" data-id=\"81dd4b4\" data-element_type=\"column\" data-settings=\"{&quot;background_background&quot;:&quot;classic&quot;}\">\n\t\t\t<div class=\"elementor-widget-wrap elementor-element-populated\">\n\t\t\t\t\t\t<div class=\"elementor-element elementor-element-963bfe0 elementor-widget elementor-widget-heading\" data-id=\"963bfe0\" data-element_type=\"widget\" data-widget_type=\"heading.default\">\n\t\t\t\t<div class=\"elementor-widget-container\">\n\t\t\t\t\t<p class=\"elementor-heading-title elementor-size-default\">Intervention sur site<\/p>\t\t\t\t<\/div>\n\t\t\t\t<\/div>\n\t\t\t\t<div class=\"elementor-element elementor-element-76c3a4a elementor-widget elementor-widget-text-editor\" data-id=\"76c3a4a\" data-element_type=\"widget\" data-widget_type=\"text-editor.default\">\n\t\t\t\t<div class=\"elementor-widget-container\">\n\t\t\t\t\t\t\t\t\t<p><strong><span style=\"color: #c69967;\">Visites contr\u00f4les de votre bien une fois par semaine :<\/span><\/strong><\/p>\n<p>suivi du bon entretien de la propri\u00e9t\u00e9, du fonctionnement des \u00e9quipements int\u00e9rieurs, du personnel, des intervenants ext\u00e9rieurs, de la surveillance de la propri\u00e9t\u00e9 et des dispositifs de s\u00e9curit\u00e9.<\/p>\n<p><strong>Visites compl\u00e9mentaires en cas de n\u00e9cessit\u00e9 :<br><\/strong>pr\u00e9paration de votre s\u00e9jour.<\/p>\t\t\t\t\t\t\t\t<\/div>\n\t\t\t\t<\/div>\n\t\t\t\t<div class=\"elementor-element elementor-element-15d09d6 elementor-widget elementor-widget-heading\" data-id=\"15d09d6\" data-element_type=\"widget\" data-widget_type=\"heading.default\">\n\t\t\t\t<div class=\"elementor-widget-container\">\n\t\t\t\t\t<p class=\"elementor-heading-title elementor-size-default\">Travaux<\/p>\t\t\t\t<\/div>\n\t\t\t\t<\/div>\n\t\t\t\t<div class=\"elementor-element elementor-element-5d4ec1d elementor-widget elementor-widget-text-editor\" data-id=\"5d4ec1d\" data-element_type=\"widget\" data-widget_type=\"text-editor.default\">\n\t\t\t\t<div class=\"elementor-widget-container\">\n\t\t\t\t\t\t\t\t\t<p><strong><span style=\"color: #c69967;\">Recherche et mise en concurrence d\u2019intervenants afin de vous offrir le meilleur rapport qualit\u00e9\/prix pour la r\u00e9alisation de vos travaux.<\/span><\/strong><\/p><p>Faire proc\u00e9der aux travaux de r\u00e9parations courantes et exceptionnelles.<\/p>\t\t\t\t\t\t\t\t<\/div>\n\t\t\t\t<\/div>\n\t\t\t\t\t<\/div>\n\t\t<\/div>\n\t\t\t\t<div class=\"elementor-column elementor-col-50 elementor-top-column elementor-element elementor-element-c68c64c\" data-id=\"c68c64c\" data-element_type=\"column\">\n\t\t\t<div class=\"elementor-widget-wrap elementor-element-populated\">\n\t\t\t\t\t\t<div class=\"elementor-element elementor-element-529f5f0 elementor-widget elementor-widget-image\" data-id=\"529f5f0\" data-element_type=\"widget\" data-widget_type=\"image.default\">\n\t\t\t\t<div class=\"elementor-widget-container\">\n\t\t\t\t\t\t\t\t\t\t\t\t\t\t\t<img fetchpriority=\"high\" decoding=\"async\" width=\"960\" height=\"641\" src=\"https:\/\/countryside-immobilier.com\/wp-content\/uploads\/2024\/02\/COUNTRYSIDE_IMMOBILIER_NOS-SERVICES.jpg\" class=\"attachment-full size-full wp-image-1333\" alt=\"Immobilier Grasse\" srcset=\"https:\/\/countryside-immobilier.com\/wp-content\/uploads\/2024\/02\/COUNTRYSIDE_IMMOBILIER_NOS-SERVICES.jpg 960w, https:\/\/countryside-immobilier.com\/wp-content\/uploads\/2024\/02\/COUNTRYSIDE_IMMOBILIER_NOS-SERVICES-539x360.jpg 539w, https:\/\/countryside-immobilier.com\/wp-content\/uploads\/2024\/02\/COUNTRYSIDE_IMMOBILIER_NOS-SERVICES-768x513.jpg 768w, https:\/\/countryside-immobilier.com\/wp-content\/uploads\/2024\/02\/COUNTRYSIDE_IMMOBILIER_NOS-SERVICES-18x12.jpg 18w\" sizes=\"(max-width: 960px) 100vw, 960px\" \/>\t\t\t\t\t\t\t\t\t\t\t\t\t\t\t<\/div>\n\t\t\t\t<\/div>\n\t\t\t\t\t<\/div>\n\t\t<\/div>\n\t\t\t\t\t<\/div>\n\t\t<\/section>\n\t\t\t\t<section class=\"elementor-section elementor-top-section elementor-element elementor-element-ac66793 elementor-section-boxed elementor-section-height-default elementor-section-height-default elementor-invisible\" data-id=\"ac66793\" data-element_type=\"section\" data-settings=\"{&quot;animation&quot;:&quot;slideInLeft&quot;}\">\n\t\t\t\t\t\t<div class=\"elementor-container elementor-column-gap-no\">\n\t\t\t\t\t<div class=\"elementor-column elementor-col-50 elementor-top-column elementor-element elementor-element-91e792d\" data-id=\"91e792d\" data-element_type=\"column\">\n\t\t\t<div class=\"elementor-widget-wrap elementor-element-populated\">\n\t\t\t\t\t\t<div class=\"elementor-element elementor-element-dc7866e elementor-widget elementor-widget-image\" data-id=\"dc7866e\" data-element_type=\"widget\" data-widget_type=\"image.default\">\n\t\t\t\t<div class=\"elementor-widget-container\">\n\t\t\t\t\t\t\t\t\t\t\t\t\t\t\t<img decoding=\"async\" width=\"960\" height=\"733\" src=\"https:\/\/countryside-immobilier.com\/wp-content\/uploads\/2024\/02\/COUNTRYSIDE_IMMOBILIER_.jpg\" class=\"attachment-full size-full wp-image-1334\" alt=\"Immobilier Grasse\" srcset=\"https:\/\/countryside-immobilier.com\/wp-content\/uploads\/2024\/02\/COUNTRYSIDE_IMMOBILIER_.jpg 960w, https:\/\/countryside-immobilier.com\/wp-content\/uploads\/2024\/02\/COUNTRYSIDE_IMMOBILIER_-471x360.jpg 471w, https:\/\/countryside-immobilier.com\/wp-content\/uploads\/2024\/02\/COUNTRYSIDE_IMMOBILIER_-768x586.jpg 768w, https:\/\/countryside-immobilier.com\/wp-content\/uploads\/2024\/02\/COUNTRYSIDE_IMMOBILIER_-16x12.jpg 16w\" sizes=\"(max-width: 960px) 100vw, 960px\" \/>\t\t\t\t\t\t\t\t\t\t\t\t\t\t\t<\/div>\n\t\t\t\t<\/div>\n\t\t\t\t\t<\/div>\n\t\t<\/div>\n\t\t\t\t<div class=\"elementor-column elementor-col-50 elementor-top-column elementor-element elementor-element-496b174\" data-id=\"496b174\" data-element_type=\"column\" data-settings=\"{&quot;background_background&quot;:&quot;classic&quot;}\">\n\t\t\t<div class=\"elementor-widget-wrap elementor-element-populated\">\n\t\t\t\t\t\t<div class=\"elementor-element elementor-element-b7aaef0 elementor-widget elementor-widget-heading\" data-id=\"b7aaef0\" data-element_type=\"widget\" data-widget_type=\"heading.default\">\n\t\t\t\t<div class=\"elementor-widget-container\">\n\t\t\t\t\t<p class=\"elementor-heading-title elementor-size-default\">Intervention comptable<\/p>\t\t\t\t<\/div>\n\t\t\t\t<\/div>\n\t\t\t\t<div class=\"elementor-element elementor-element-c1b2849 elementor-widget elementor-widget-text-editor\" data-id=\"c1b2849\" data-element_type=\"widget\" data-widget_type=\"text-editor.default\">\n\t\t\t\t<div class=\"elementor-widget-container\">\n\t\t\t\t\t\t\t\t\t<p><strong><span style=\"color: #c69967;\">Contr\u00f4le des devis et factures, r\u00e8glement des tiers, transfert des factures et relev\u00e9s bancaires par internet, mise en place d\u2019un compte d\u00e9di\u00e9.<\/span><\/strong><\/p><p>Assistance en mati\u00e8re d\u2019assurances : (b\u00e2timents, annexes, mobilier, objets d\u2019art, v\u00e9hicules) souscription des contrats, d\u00e9claration de sinistre, suivi du dossier jusqu\u2019au remboursement final.<\/p><p>Gestion des contrats : Souscription et paiements aupr\u00e8s des compagnies eau, gaz, \u00e9lectricit\u00e9, t\u00e9l\u00e9phonie, Internet. Suivi et paiements des contrats d\u2019entretien et surveillance (entretien parc, piscine, climatisation, chauffage, t\u00e9l\u00e9surveillance, alarme).<\/p>\t\t\t\t\t\t\t\t<\/div>\n\t\t\t\t<\/div>\n\t\t\t\t\t<\/div>\n\t\t<\/div>\n\t\t\t\t\t<\/div>\n\t\t<\/section>\n\t\t\t\t<section class=\"elementor-section elementor-top-section elementor-element elementor-element-98bbd11 elementor-section-boxed elementor-section-height-default elementor-section-height-default elementor-invisible\" data-id=\"98bbd11\" data-element_type=\"section\" data-settings=\"{&quot;animation&quot;:&quot;slideInUp&quot;}\">\n\t\t\t\t\t\t<div class=\"elementor-container elementor-column-gap-default\">\n\t\t\t\t\t<div class=\"elementor-column elementor-col-100 elementor-top-column elementor-element elementor-element-863fe38\" data-id=\"863fe38\" data-element_type=\"column\">\n\t\t\t<div class=\"elementor-widget-wrap elementor-element-populated\">\n\t\t\t\t\t\t<div class=\"elementor-element elementor-element-e8f6712 elementor-align-center elementor-widget elementor-widget-button\" data-id=\"e8f6712\" data-element_type=\"widget\" data-widget_type=\"button.default\">\n\t\t\t\t<div class=\"elementor-widget-container\">\n\t\t\t\t\t\t\t\t\t<div class=\"elementor-button-wrapper\">\n\t\t\t\t\t<a class=\"elementor-button elementor-button-link elementor-size-sm\" href=\"https:\/\/countryside-immobilier.com\/fr\/contact\/\">\n\t\t\t\t\t\t<span class=\"elementor-button-content-wrapper\">\n\t\t\t\t\t\t\t\t\t<span class=\"elementor-button-text\">Nous contacter<\/span>\n\t\t\t\t\t<\/span>\n\t\t\t\t\t<\/a>\n\t\t\t\t<\/div>\n\t\t\t\t\t\t\t\t<\/div>\n\t\t\t\t<\/div>\n\t\t\t\t\t<\/div>\n\t\t<\/div>\n\t\t\t\t\t<\/div>\n\t\t<\/section>\n\t\t\t\t<\/div>\n\t\t","protected":false},"excerpt":{"rendered":"<p>Nos services Estimation de votre propri\u00e9t\u00e9 L\u2019Estimation est une \u00e9tape cl\u00e9 dans la r\u00e9ussite de votre projet ! Proc\u00e9der \u00e0 une \u00e9valuation \u00e0 distance ou sur un formulaire en ligne, peut aboutir \u00e0 un prix erron\u00e9. Une estimation immobili\u00e8re sur\u00e9valu\u00e9e fera perdre de longs mois \u00e0 son propri\u00e9taire alors qu\u2019une estimation immobili\u00e8re sous-\u00e9valu\u00e9e se fera [&hellip;]<\/p>\n","protected":false},"author":1,"featured_media":0,"parent":0,"menu_order":0,"comment_status":"closed","ping_status":"closed","template":"elementor_header_footer","meta":{"footnotes":""},"folder":[15],"class_list":["post-50","page","type-page","status-publish","hentry"],"_links":{"self":[{"href":"https:\/\/countryside-immobilier.com\/fr\/wp-json\/wp\/v2\/pages\/50","targetHints":{"allow":["GET"]}}],"collection":[{"href":"https:\/\/countryside-immobilier.com\/fr\/wp-json\/wp\/v2\/pages"}],"about":[{"href":"https:\/\/countryside-immobilier.com\/fr\/wp-json\/wp\/v2\/types\/page"}],"author":[{"embeddable":true,"href":"https:\/\/countryside-immobilier.com\/fr\/wp-json\/wp\/v2\/users\/1"}],"replies":[{"embeddable":true,"href":"https:\/\/countryside-immobilier.com\/fr\/wp-json\/wp\/v2\/comments?post=50"}],"version-history":[{"count":3,"href":"https:\/\/countryside-immobilier.com\/fr\/wp-json\/wp\/v2\/pages\/50\/revisions"}],"predecessor-version":[{"id":4107,"href":"https:\/\/countryside-immobilier.com\/fr\/wp-json\/wp\/v2\/pages\/50\/revisions\/4107"}],"wp:attachment":[{"href":"https:\/\/countryside-immobilier.com\/fr\/wp-json\/wp\/v2\/media?parent=50"}],"wp:term":[{"taxonomy":"folder","embeddable":true,"href":"https:\/\/countryside-immobilier.com\/fr\/wp-json\/wp\/v2\/folder?post=50"}],"curies":[{"name":"wp","href":"https:\/\/api.w.org\/{rel}","templated":true}]}}